{"id":2093,"date":"2025-10-15T13:23:49","date_gmt":"2025-10-15T11:23:49","guid":{"rendered":"https:\/\/drnatasacosic.com\/?page_id=2093"},"modified":"2025-11-07T13:16:27","modified_gmt":"2025-11-07T12:16:27","slug":"iskustva-klijenta","status":"publish","type":"page","link":"https:\/\/drnatasacosic.com\/en\/iskustva-klijenta\/","title":{"rendered":"Iskustva klijenta"},"content":{"rendered":"<div data-elementor-type=\"wp-page\" data-elementor-id=\"2093\" class=\"elementor elementor-2093\">\n\t\t\t\t<div class=\"elementor-element elementor-element-d0d1fca e-flex e-con-boxed e-con e-parent\" data-id=\"d0d1fca\" data-element_type=\"container\" data-e-type=\"container\" data-settings=\"{&quot;background_background&quot;:&quot;classic&quot;}\">\n\t\t\t\t\t<div class=\"e-con-inner\">\n\t\t<div class=\"elementor-element elementor-element-dd2a58a e-con-full e-flex e-con e-child\" data-id=\"dd2a58a\" data-element_type=\"container\" data-e-type=\"container\">\n\t\t\t\t<div class=\"elementor-element elementor-element-95f7e53 elementor-widget elementor-widget-heading\" data-id=\"95f7e53\" data-element_type=\"widget\" data-e-type=\"widget\" data-widget_type=\"heading.default\">\n\t\t\t\t<div class=\"elementor-widget-container\">\n\t\t\t\t\t<h3 class=\"elementor-heading-title elementor-size-default\">\u201cOni nisu tra\u017eili \u010dudo. Samo su \u017eeleli mir, jasno\u0107u, energiju i novu \u0161ansu za \u017eivot. SHA im je to pru\u017eila.\u201d<\/h3>\t\t\t\t<\/div>\n\t\t\t\t<\/div>\n\t\t\t\t<div class=\"elementor-element elementor-element-163012a elementor-widget elementor-widget-text-editor\" data-id=\"163012a\" data-element_type=\"widget\" data-e-type=\"widget\" data-widget_type=\"text-editor.default\">\n\t\t\t\t<div class=\"elementor-widget-container\">\n\t\t\t\t\t\t\t\t\t<p>Ovo su re\u010di ljudi koji su pro\u0161li kroz SHA tretmane \u2013 bez kontakta, bez re\u010di, ali sa dubljom istinom koja menja sve.<\/p>\t\t\t\t\t\t\t\t<\/div>\n\t\t\t\t<\/div>\n\t\t\t\t<\/div>\n\t\t\t\t\t<\/div>\n\t\t\t\t<\/div>\n\t\t<div class=\"elementor-element elementor-element-6732ec6 e-flex e-con-boxed e-con e-parent\" data-id=\"6732ec6\" data-element_type=\"container\" data-e-type=\"container\">\n\t\t\t\t\t<div class=\"e-con-inner\">\n\t\t<div class=\"elementor-element elementor-element-990c3e4 e-con-full e-flex e-con e-child\" data-id=\"990c3e4\" data-element_type=\"container\" data-e-type=\"container\">\n\t\t\t\t<div class=\"elementor-element elementor-element-0a17880 elementor-widget elementor-widget-heading\" data-id=\"0a17880\" data-element_type=\"widget\" data-e-type=\"widget\" data-widget_type=\"heading.default\">\n\t\t\t\t<div class=\"elementor-widget-container\">\n\t\t\t\t\t<h3 class=\"elementor-heading-title elementor-size-default\">Jelena, 42 \u2013 Beograd<\/h3>\t\t\t\t<\/div>\n\t\t\t\t<\/div>\n\t\t\t\t<div class=\"elementor-element elementor-element-0c168bf elementor-widget elementor-widget-text-editor\" data-id=\"0c168bf\" data-element_type=\"widget\" data-e-type=\"widget\" data-widget_type=\"text-editor.default\">\n\t\t\t\t<div class=\"elementor-widget-container\">\n\t\t\t\t\t\t\t\t\t<p><span style=\"font-weight: 400;\">\u201eGodinama sam imala ose\u0107aj da se vrtim u krugu. Nema para, nema ljubavi, nesanica, panika. Nakon 21-dnevnog tretmana SHA tehnologije, prvi put sam zaspala sa mirom. Po\u010dela sam da dobijam pozive za posao, partner mi se otvorio. Bez da sam i\u0161ta menjala \u2013 JA sam se promenila.\u201c<\/span><\/p>\t\t\t\t\t\t\t\t<\/div>\n\t\t\t\t<\/div>\n\t\t\t\t<\/div>\n\t\t<div class=\"elementor-element elementor-element-970d106 e-con-full e-flex e-con e-child\" data-id=\"970d106\" data-element_type=\"container\" data-e-type=\"container\">\n\t\t\t\t<div class=\"elementor-element elementor-element-c3432d3 elementor-widget elementor-widget-heading\" data-id=\"c3432d3\" data-element_type=\"widget\" data-e-type=\"widget\" data-widget_type=\"heading.default\">\n\t\t\t\t<div class=\"elementor-widget-container\">\n\t\t\t\t\t<h3 class=\"elementor-heading-title elementor-size-default\">Nikola, 39 \u2013 Cirih<\/h3>\t\t\t\t<\/div>\n\t\t\t\t<\/div>\n\t\t\t\t<div class=\"elementor-element elementor-element-b6b36fc elementor-widget elementor-widget-text-editor\" data-id=\"b6b36fc\" data-element_type=\"widget\" data-e-type=\"widget\" data-widget_type=\"text-editor.default\">\n\t\t\t\t<div class=\"elementor-widget-container\">\n\t\t\t\t\t\t\t\t\t<p><span style=\"font-weight: 400;\">\u201eBio sam skeptik. Brat me prijavio za tretman bez mog znanja. Osetio sam kao da sam se vratio sebi. Nema vi\u0161e te\u017eine. Posle dugo vremena \u2013 nasmejan sam.\u201c<\/span><\/p>\t\t\t\t\t\t\t\t<\/div>\n\t\t\t\t<\/div>\n\t\t\t\t<\/div>\n\t\t<div class=\"elementor-element elementor-element-d24a786 e-con-full e-flex e-con e-child\" data-id=\"d24a786\" data-element_type=\"container\" data-e-type=\"container\">\n\t\t\t\t<div class=\"elementor-element elementor-element-124ae90 elementor-widget elementor-widget-heading\" data-id=\"124ae90\" data-element_type=\"widget\" data-e-type=\"widget\" data-widget_type=\"heading.default\">\n\t\t\t\t<div class=\"elementor-widget-container\">\n\t\t\t\t\t<h3 class=\"elementor-heading-title elementor-size-default\">Milica, 55 \u2013 Novi Sad<\/h3>\t\t\t\t<\/div>\n\t\t\t\t<\/div>\n\t\t\t\t<div class=\"elementor-element elementor-element-ee51505 elementor-widget elementor-widget-text-editor\" data-id=\"ee51505\" data-element_type=\"widget\" data-e-type=\"widget\" data-widget_type=\"text-editor.default\">\n\t\t\t\t<div class=\"elementor-widget-container\">\n\t\t\t\t\t\t\t\t\t<p><span style=\"font-weight: 400;\">\u201eImala sam ozbiljne zdravstvene simptome i ose\u0107aj da me \u017eivot samljeo. SHA polje me je regenerisalo. Vi\u0161e ne \u017eivim iz straha \u2013 nego iz snage.\u201c<\/span><\/p>\t\t\t\t\t\t\t\t<\/div>\n\t\t\t\t<\/div>\n\t\t\t\t<\/div>\n\t\t\t\t\t<\/div>\n\t\t\t\t<\/div>\n\t\t<div class=\"elementor-element elementor-element-71cfbdd e-flex e-con-boxed e-con e-parent\" data-id=\"71cfbdd\" data-element_type=\"container\" data-e-type=\"container\" data-settings=\"{&quot;background_background&quot;:&quot;classic&quot;}\">\n\t\t\t\t\t<div class=\"e-con-inner\">\n\t\t\t\t<div class=\"elementor-element elementor-element-f6b1e68 elementor-widget elementor-widget-text-editor\" data-id=\"f6b1e68\" data-element_type=\"widget\" data-e-type=\"widget\" data-widget_type=\"text-editor.default\">\n\t\t\t\t<div class=\"elementor-widget-container\">\n\t\t\t\t\t\t\t\t\t<p><strong>SHA TRANSFORMATOR nije za one koji \u010dekaju da ih neko spasi.<\/strong><\/p><p><strong>SHA TRANSFORMATOR je za one koji su spremni da se podsete ko su \u2013 i da to \u017eive.<\/strong><\/p><p><strong>Ako ose\u0107a\u0161 da je vreme da i tvoje svedo\u010danstvo bude ovde \u2013 ulazak u SHA polje ti je otvoren.<\/strong><\/p>\t\t\t\t\t\t\t\t<\/div>\n\t\t\t\t<\/div>\n\t\t\t\t\t<\/div>\n\t\t\t\t<\/div>\n\t\t<div class=\"elementor-element elementor-element-0045803 e-flex e-con-boxed e-con e-parent\" data-id=\"0045803\" data-element_type=\"container\" data-e-type=\"container\" data-settings=\"{&quot;background_background&quot;:&quot;classic&quot;}\">\n\t\t\t\t\t<div class=\"e-con-inner\">\n\t\t<div class=\"elementor-element elementor-element-ae90c71 e-con-full e-flex e-con e-child\" data-id=\"ae90c71\" data-element_type=\"container\" data-e-type=\"container\">\n\t\t\t\t<div class=\"elementor-element elementor-element-35f0fb7 elementor-widget elementor-widget-heading\" data-id=\"35f0fb7\" data-element_type=\"widget\" data-e-type=\"widget\" data-widget_type=\"heading.default\">\n\t\t\t\t<div class=\"elementor-widget-container\">\n\t\t\t\t\t<h4 class=\"elementor-heading-title elementor-size-default\">Da biste u\u0161li u SHA INTEGRUM frekvencijsko polje, molimo vas da dostavite slede\u0107e podatke:<\/h4>\t\t\t\t<\/div>\n\t\t\t\t<\/div>\n\t\t\t\t<div class=\"elementor-element elementor-element-05a3773 elementor-widget elementor-widget-shortcode\" data-id=\"05a3773\" data-element_type=\"widget\" data-e-type=\"widget\" data-widget_type=\"shortcode.default\">\n\t\t\t\t<div class=\"elementor-widget-container\">\n\t\t\t\t\t\t\t<div class=\"elementor-shortcode\">\n<div class=\"wpcf7 no-js\" id=\"wpcf7-f2105-o1\" lang=\"sr-RS\" dir=\"ltr\" data-wpcf7-id=\"2105\">\n<div class=\"screen-reader-response\"><p role=\"status\" aria-live=\"polite\" aria-atomic=\"true\"><\/p> <ul><\/ul><\/div>\n<form action=\"\/en\/wp-json\/wp\/v2\/pages\/2093#wpcf7-f2105-o1\" method=\"post\" class=\"wpcf7-form init\" aria-label=\"Contact form\" enctype=\"multipart\/form-data\" novalidate=\"novalidate\" data-status=\"init\" data-trp-original-action=\"\/en\/wp-json\/wp\/v2\/pages\/2093#wpcf7-f2105-o1\">\n<fieldset class=\"hidden-fields-container\"><input type=\"hidden\" name=\"_wpcf7\" value=\"2105\" \/><input type=\"hidden\" name=\"_wpcf7_version\" value=\"6.1.5\" \/><input type=\"hidden\" name=\"_wpcf7_locale\" value=\"sr_RS\" \/><input type=\"hidden\" name=\"_wpcf7_unit_tag\" value=\"wpcf7-f2105-o1\" \/><input type=\"hidden\" name=\"_wpcf7_container_post\" value=\"0\" \/><input type=\"hidden\" name=\"_wpcf7_posted_data_hash\" value=\"\" \/>\n<\/fieldset>\n<p><label> Ime i prezime<br \/>\n<span class=\"wpcf7-form-control-wrap\" data-name=\"your-name\"><input size=\"40\" maxlength=\"400\" class=\"wpcf7-form-control wpcf7-text wpcf7-validates-as-required\" autocomplete=\"name\" aria-required=\"true\" aria-invalid=\"false\" value=\"\" type=\"text\" name=\"your-name\" \/><\/span> <\/label><br \/>\n<label>Datum ro\u0111enja (dan, mesec, godina)<br \/>\n<span class=\"wpcf7-form-control-wrap\" data-name=\"datum-rodjenja\"><input class=\"wpcf7-form-control wpcf7-date wpcf7-validates-as-date\" aria-invalid=\"false\" value=\"\" type=\"date\" name=\"datum-rodjenja\" \/><\/span><\/label>\n<\/p>\n<p><label>Trenutna lokacija (grad i zemlja u kojoj se nalazite)<br \/>\n<span class=\"wpcf7-form-control-wrap\" data-name=\"lokacija\"><input size=\"40\" maxlength=\"400\" class=\"wpcf7-form-control wpcf7-text\" aria-invalid=\"false\" value=\"\" type=\"text\" name=\"lokacija\" \/><\/span><\/label>\n<\/p>\n<p><label>Va\u0161a fotografija \u2013 \u0161to sve\u017eija i aktuelnija<br \/>\nFotografija treba da prikazuje va\u0161e lice jasno i neposredno (ne stariju od 6 meseci), jer SHA tehnologija o\u010ditava energetski zapis kroz frekvenciju va\u0161eg trenutnog stanja.<br \/>\n<span class=\"wpcf7-form-control-wrap\" data-name=\"vasa-slika\"><input size=\"40\" class=\"wpcf7-form-control wpcf7-file\" accept=\"image\/*\" aria-invalid=\"false\" type=\"file\" name=\"vasa-slika\" \/><\/span><\/label>\n<\/p>\n<p><label> Email adresa (za potvrdu i pra\u0107enje tretmana)<br \/>\n<span class=\"wpcf7-form-control-wrap\" data-name=\"your-email\"><input size=\"40\" maxlength=\"400\" class=\"wpcf7-form-control wpcf7-email wpcf7-validates-as-required wpcf7-text wpcf7-validates-as-email\" autocomplete=\"email\" aria-required=\"true\" aria-invalid=\"false\" value=\"\" type=\"email\" name=\"your-email\" \/><\/span> <\/label>\n<\/p>\n<p><label>(Opcionalno) Broj telefona (u slu\u010daju potrebe za dodatnim informacijama ili personalizovanim uputstvima)<br \/>\n<span class=\"wpcf7-form-control-wrap\" data-name=\"telefon\"><input size=\"40\" maxlength=\"400\" class=\"wpcf7-form-control wpcf7-tel wpcf7-text wpcf7-validates-as-tel\" aria-invalid=\"false\" value=\"\" type=\"tel\" name=\"telefon\" \/><\/span><\/label>\n<\/p>\n<p><input class=\"wpcf7-form-control wpcf7-submit has-spinner\" type=\"submit\" value=\"Po\u0161alji\" \/>\n<\/p><div class=\"wpcf7-response-output\" aria-hidden=\"true\"><\/div>\n<input type=\"hidden\" name=\"trp-form-language\" value=\"en\"\/><\/form>\n<\/div>\n<\/div>\n\t\t\t\t\t\t<\/div>\n\t\t\t\t<\/div>\n\t\t\t\t<\/div>\n\t\t\t\t\t<\/div>\n\t\t\t\t<\/div>\n\t\t\t\t<\/div>","protected":false},"excerpt":{"rendered":"<p>\u201cOni nisu tra\u017eili \u010dudo. Samo su \u017eeleli mir, jasno\u0107u, energiju i novu \u0161ansu za \u017eivot. SHA im je to pru\u017eila.\u201d Ovo su re\u010di ljudi koji su pro\u0161li kroz SHA tretmane \u2013 bez kontakta, bez re\u010di, ali sa dubljom istinom koja menja sve. Jelena, 42 \u2013 Beograd \u201eGodinama sam imala ose\u0107aj da se vrtim u krugu. [&hellip;]<\/p>\n","protected":false},"author":1,"featured_media":0,"parent":0,"menu_order":0,"comment_status":"closed","ping_status":"closed","template":"","meta":{"site-sidebar-layout":"no-sidebar","site-content-layout":"page-builder","ast-site-content-layout":"default","site-content-style":"default","site-sidebar-style":"default","ast-global-header-display":"","ast-banner-title-visibility":"","ast-main-header-display":"","ast-hfb-above-header-display":"","ast-hfb-below-header-display":"","ast-hfb-mobile-header-display":"","site-post-title":"disabled","ast-breadcrumbs-content":"disabled","ast-featured-img":"disabled","footer-sml-layout":"","ast-disable-related-posts":"","theme-transparent-header-meta":"enabled","adv-header-id-meta":"","stick-header-meta":"","header-above-stick-meta":"","header-main-stick-meta":"","header-below-stick-meta":"","astra-migrate-meta-layouts":"default","ast-page-background-enabled":"default","ast-page-background-meta":{"desktop":{"background-color":"var(--ast-global-color-4)","background-image":"","background-repeat":"repeat","background-position":"center center","background-size":"auto","background-attachment":"scroll","background-type":"","background-media":"","overlay-type":"","overlay-color":"","overlay-opacity":"","overlay-gradient":""},"tablet":{"background-color":"","background-image":"","background-repeat":"repeat","background-position":"center center","background-size":"auto","background-attachment":"scroll","background-type":"","background-media":"","overlay-type":"","overlay-color":"","overlay-opacity":"","overlay-gradient":""},"mobile":{"background-color":"","background-image":"","background-repeat":"repeat","background-position":"center center","background-size":"auto","background-attachment":"scroll","background-type":"","background-media":"","overlay-type":"","overlay-color":"","overlay-opacity":"","overlay-gradient":""}},"ast-content-background-meta":{"desktop":{"background-color":"var(--ast-global-color-5)","background-image":"","background-repeat":"repeat","background-position":"center center","background-size":"auto","background-attachment":"scroll","background-type":"","background-media":"","overlay-type":"","overlay-color":"","overlay-opacity":"","overlay-gradient":""},"tablet":{"background-color":"var(--ast-global-color-5)","background-image":"","background-repeat":"repeat","background-position":"center center","background-size":"auto","background-attachment":"scroll","background-type":"","background-media":"","overlay-type":"","overlay-color":"","overlay-opacity":"","overlay-gradient":""},"mobile":{"background-color":"var(--ast-global-color-5)","background-image":"","background-repeat":"repeat","background-position":"center center","background-size":"auto","background-attachment":"scroll","background-type":"","background-media":"","overlay-type":"","overlay-color":"","overlay-opacity":"","overlay-gradient":""}},"footnotes":""},"class_list":["post-2093","page","type-page","status-publish","hentry"],"yoast_head":"<!-- This site is optimized with the Yoast SEO plugin v27.4 - https:\/\/yoast.com\/product\/yoast-seo-wordpress\/ -->\n<title>Iskustva klijenta - dr Nata\u0161a \u0106osi\u0107<\/title>\n<meta name=\"robots\" content=\"index, follow, max-snippet:-1, max-image-preview:large, max-video-preview:-1\" \/>\n<link rel=\"canonical\" href=\"https:\/\/drnatasacosic.com\/en\/iskustva-klijenta\/\" \/>\n<meta property=\"og:locale\" content=\"en_US\" \/>\n<meta property=\"og:type\" content=\"article\" \/>\n<meta property=\"og:title\" content=\"Iskustva klijenta - dr Nata\u0161a \u0106osi\u0107\" \/>\n<meta property=\"og:description\" content=\"\u201cOni nisu tra\u017eili \u010dudo. Samo su \u017eeleli mir, jasno\u0107u, energiju i novu \u0161ansu za \u017eivot. SHA im je to pru\u017eila.\u201d Ovo su re\u010di ljudi koji su pro\u0161li kroz SHA tretmane \u2013 bez kontakta, bez re\u010di, ali sa dubljom istinom koja menja sve. Jelena, 42 \u2013 Beograd \u201eGodinama sam imala ose\u0107aj da se vrtim u krugu. [&hellip;]\" \/>\n<meta property=\"og:url\" content=\"https:\/\/drnatasacosic.com\/en\/iskustva-klijenta\/\" \/>\n<meta property=\"og:site_name\" content=\"dr Nata\u0161a \u0106osi\u0107\" \/>\n<meta property=\"article:modified_time\" content=\"2025-11-07T12:16:27+00:00\" \/>\n<meta name=\"twitter:card\" content=\"summary_large_image\" \/>\n<meta name=\"twitter:label1\" content=\"Est. reading time\" \/>\n\t<meta name=\"twitter:data1\" content=\"2 minutes\" \/>\n<script type=\"application\/ld+json\" class=\"yoast-schema-graph\">{\"@context\":\"https:\\\/\\\/schema.org\",\"@graph\":[{\"@type\":\"WebPage\",\"@id\":\"https:\\\/\\\/drnatasacosic.com\\\/iskustva-klijenta\\\/\",\"url\":\"https:\\\/\\\/drnatasacosic.com\\\/iskustva-klijenta\\\/\",\"name\":\"Iskustva klijenta - dr Nata\u0161a \u0106osi\u0107\",\"isPartOf\":{\"@id\":\"https:\\\/\\\/drnatasacosic.com\\\/#website\"},\"datePublished\":\"2025-10-15T11:23:49+00:00\",\"dateModified\":\"2025-11-07T12:16:27+00:00\",\"breadcrumb\":{\"@id\":\"https:\\\/\\\/drnatasacosic.com\\\/iskustva-klijenta\\\/#breadcrumb\"},\"inLanguage\":\"en-US\",\"potentialAction\":[{\"@type\":\"ReadAction\",\"target\":[\"https:\\\/\\\/drnatasacosic.com\\\/iskustva-klijenta\\\/\"]}]},{\"@type\":\"BreadcrumbList\",\"@id\":\"https:\\\/\\\/drnatasacosic.com\\\/iskustva-klijenta\\\/#breadcrumb\",\"itemListElement\":[{\"@type\":\"ListItem\",\"position\":1,\"name\":\"Home\",\"item\":\"https:\\\/\\\/drnatasacosic.com\\\/\"},{\"@type\":\"ListItem\",\"position\":2,\"name\":\"Iskustva klijenta\"}]},{\"@type\":\"WebSite\",\"@id\":\"https:\\\/\\\/drnatasacosic.com\\\/#website\",\"url\":\"https:\\\/\\\/drnatasacosic.com\\\/\",\"name\":\"dr Nata\u0161a \u0106osi\u0107\",\"description\":\"\",\"potentialAction\":[{\"@type\":\"SearchAction\",\"target\":{\"@type\":\"EntryPoint\",\"urlTemplate\":\"https:\\\/\\\/drnatasacosic.com\\\/?s={search_term_string}\"},\"query-input\":{\"@type\":\"PropertyValueSpecification\",\"valueRequired\":true,\"valueName\":\"search_term_string\"}}],\"inLanguage\":\"en-US\"}]}<\/script>\n<!-- \/ Yoast SEO plugin. -->","yoast_head_json":{"title":"Iskustva klijenta - dr Nata\u0161a \u0106osi\u0107","robots":{"index":"index","follow":"follow","max-snippet":"max-snippet:-1","max-image-preview":"max-image-preview:large","max-video-preview":"max-video-preview:-1"},"canonical":"https:\/\/drnatasacosic.com\/en\/iskustva-klijenta\/","og_locale":"en_US","og_type":"article","og_title":"Iskustva klijenta - dr Nata\u0161a \u0106osi\u0107","og_description":"\u201cOni nisu tra\u017eili \u010dudo. Samo su \u017eeleli mir, jasno\u0107u, energiju i novu \u0161ansu za \u017eivot. SHA im je to pru\u017eila.\u201d Ovo su re\u010di ljudi koji su pro\u0161li kroz SHA tretmane \u2013 bez kontakta, bez re\u010di, ali sa dubljom istinom koja menja sve. Jelena, 42 \u2013 Beograd \u201eGodinama sam imala ose\u0107aj da se vrtim u krugu. [&hellip;]","og_url":"https:\/\/drnatasacosic.com\/en\/iskustva-klijenta\/","og_site_name":"dr Nata\u0161a \u0106osi\u0107","article_modified_time":"2025-11-07T12:16:27+00:00","twitter_card":"summary_large_image","twitter_misc":{"Est. reading time":"2 minutes"},"schema":{"@context":"https:\/\/schema.org","@graph":[{"@type":"WebPage","@id":"https:\/\/drnatasacosic.com\/iskustva-klijenta\/","url":"https:\/\/drnatasacosic.com\/iskustva-klijenta\/","name":"Iskustva klijenta - dr Nata\u0161a \u0106osi\u0107","isPartOf":{"@id":"https:\/\/drnatasacosic.com\/#website"},"datePublished":"2025-10-15T11:23:49+00:00","dateModified":"2025-11-07T12:16:27+00:00","breadcrumb":{"@id":"https:\/\/drnatasacosic.com\/iskustva-klijenta\/#breadcrumb"},"inLanguage":"en-US","potentialAction":[{"@type":"ReadAction","target":["https:\/\/drnatasacosic.com\/iskustva-klijenta\/"]}]},{"@type":"BreadcrumbList","@id":"https:\/\/drnatasacosic.com\/iskustva-klijenta\/#breadcrumb","itemListElement":[{"@type":"ListItem","position":1,"name":"Home","item":"https:\/\/drnatasacosic.com\/"},{"@type":"ListItem","position":2,"name":"Iskustva klijenta"}]},{"@type":"WebSite","@id":"https:\/\/drnatasacosic.com\/#website","url":"https:\/\/drnatasacosic.com\/","name":"dr Nata\u0161a \u0106osi\u0107","description":"","potentialAction":[{"@type":"SearchAction","target":{"@type":"EntryPoint","urlTemplate":"https:\/\/drnatasacosic.com\/?s={search_term_string}"},"query-input":{"@type":"PropertyValueSpecification","valueRequired":true,"valueName":"search_term_string"}}],"inLanguage":"en-US"}]}},"_links":{"self":[{"href":"https:\/\/drnatasacosic.com\/en\/wp-json\/wp\/v2\/pages\/2093","targetHints":{"allow":["GET"]}}],"collection":[{"href":"https:\/\/drnatasacosic.com\/en\/wp-json\/wp\/v2\/pages"}],"about":[{"href":"https:\/\/drnatasacosic.com\/en\/wp-json\/wp\/v2\/types\/page"}],"author":[{"embeddable":true,"href":"https:\/\/drnatasacosic.com\/en\/wp-json\/wp\/v2\/users\/1"}],"replies":[{"embeddable":true,"href":"https:\/\/drnatasacosic.com\/en\/wp-json\/wp\/v2\/comments?post=2093"}],"version-history":[{"count":16,"href":"https:\/\/drnatasacosic.com\/en\/wp-json\/wp\/v2\/pages\/2093\/revisions"}],"predecessor-version":[{"id":2181,"href":"https:\/\/drnatasacosic.com\/en\/wp-json\/wp\/v2\/pages\/2093\/revisions\/2181"}],"wp:attachment":[{"href":"https:\/\/drnatasacosic.com\/en\/wp-json\/wp\/v2\/media?parent=2093"}],"curies":[{"name":"wp","href":"https:\/\/api.w.org\/{rel}","templated":true}]}}