{"id":252,"date":"2025-07-02T10:46:17","date_gmt":"2025-07-02T08:46:17","guid":{"rendered":"https:\/\/drnatasacosic.com\/about\/"},"modified":"2025-11-07T13:09:40","modified_gmt":"2025-11-07T12:09:40","slug":"about","status":"publish","type":"page","link":"https:\/\/drnatasacosic.com\/en\/about\/","title":{"rendered":"About"},"content":{"rendered":"<div data-elementor-type=\"wp-page\" data-elementor-id=\"252\" class=\"elementor elementor-252\">\n\t\t\t\t<div class=\"elementor-element elementor-element-d0d1fca e-flex e-con-boxed e-con e-parent\" data-id=\"d0d1fca\" data-element_type=\"container\" data-e-type=\"container\" data-settings=\"{&quot;background_background&quot;:&quot;gradient&quot;}\">\n\t\t\t\t\t<div class=\"e-con-inner\">\n\t\t<div class=\"elementor-element elementor-element-dd2a58a e-con-full e-flex e-con e-child\" data-id=\"dd2a58a\" data-element_type=\"container\" data-e-type=\"container\">\n\t\t\t\t<div class=\"elementor-element elementor-element-95f7e53 elementor-widget elementor-widget-heading\" data-id=\"95f7e53\" data-element_type=\"widget\" data-e-type=\"widget\" data-widget_type=\"heading.default\">\n\t\t\t\t<div class=\"elementor-widget-container\">\n\t\t\t\t\t<h1 class=\"elementor-heading-title elementor-size-default\">dr Nata\u0161a \u0106osi\u0107<\/h1>\t\t\t\t<\/div>\n\t\t\t\t<\/div>\n\t\t\t\t<\/div>\n\t\t\t\t\t<\/div>\n\t\t\t\t<\/div>\n\t\t<div class=\"elementor-element elementor-element-52a2884 e-flex e-con-boxed e-con e-parent\" data-id=\"52a2884\" data-element_type=\"container\" data-e-type=\"container\">\n\t\t\t\t\t<div class=\"e-con-inner\">\n\t\t<div class=\"elementor-element elementor-element-a2d8272 e-con-full e-flex e-con e-child\" data-id=\"a2d8272\" data-element_type=\"container\" data-e-type=\"container\">\n\t\t\t\t<div class=\"elementor-element elementor-element-8b8ba0f elementor-widget elementor-widget-image\" data-id=\"8b8ba0f\" data-element_type=\"widget\" data-e-type=\"widget\" data-widget_type=\"image.default\">\n\t\t\t\t<div class=\"elementor-widget-container\">\n\t\t\t\t\t\t\t\t\t\t\t\t\t\t\t<img fetchpriority=\"high\" decoding=\"async\" width=\"682\" height=\"1024\" src=\"https:\/\/drnatasacosic.com\/wp-content\/uploads\/2025\/07\/dr-Natasa-Cosic-682x1024.jpg\" class=\"attachment-large size-large wp-image-1944\" alt=\"\" srcset=\"https:\/\/drnatasacosic.com\/wp-content\/uploads\/2025\/07\/dr-Natasa-Cosic-682x1024.jpg 682w, https:\/\/drnatasacosic.com\/wp-content\/uploads\/2025\/07\/dr-Natasa-Cosic-200x300.jpg 200w, https:\/\/drnatasacosic.com\/wp-content\/uploads\/2025\/07\/dr-Natasa-Cosic-768x1152.jpg 768w, https:\/\/drnatasacosic.com\/wp-content\/uploads\/2025\/07\/dr-Natasa-Cosic-1024x1536.jpg 1024w, https:\/\/drnatasacosic.com\/wp-content\/uploads\/2025\/07\/dr-Natasa-Cosic-600x900.jpg 600w, https:\/\/drnatasacosic.com\/wp-content\/uploads\/2025\/07\/dr-Natasa-Cosic.jpg 1067w\" sizes=\"(max-width: 682px) 100vw, 682px\" \/>\t\t\t\t\t\t\t\t\t\t\t\t\t\t\t<\/div>\n\t\t\t\t<\/div>\n\t\t\t\t<\/div>\n\t\t<div class=\"elementor-element elementor-element-c75e9dd e-con-full e-flex e-con e-child\" data-id=\"c75e9dd\" data-element_type=\"container\" data-e-type=\"container\">\n\t\t\t\t<div class=\"elementor-element elementor-element-b9efede elementor-widget elementor-widget-heading\" data-id=\"b9efede\" data-element_type=\"widget\" data-e-type=\"widget\" data-widget_type=\"heading.default\">\n\t\t\t\t<div class=\"elementor-widget-container\">\n\t\t\t\t\t<h2 class=\"elementor-heading-title elementor-size-default\">Doktor medicine. Arhitekta svesti. Osniva\u010d SHA INTEGRUM tehnologije.\n<\/h2>\t\t\t\t<\/div>\n\t\t\t\t<\/div>\n\t\t\t\t<div class=\"elementor-element elementor-element-19c1dac elementor-widget elementor-widget-text-editor\" data-id=\"19c1dac\" data-element_type=\"widget\" data-e-type=\"widget\" data-widget_type=\"text-editor.default\">\n\t\t\t\t<div class=\"elementor-widget-container\">\n\t\t\t\t\t\t\t\t\t<p><span style=\"font-weight: 400;\">Ro\u0111ena 1974. godine u Beogradu, dr Nata\u0161a \u0106osi\u0107 zavr\u0161ila je Medicinski fakultet sa najvi\u0161im ocenama, specijalizuju\u0107i se za internu medicinu. Ipak, jo\u0161 tokom studija, njena dublja unutra\u0161nja potraga vodila ju je izvan granica klasi\u010dnog medicinskog modela. Postavljala je pitanja koja medicina ne postavlja: Za\u0161to neki ljudi ozdrave uprkos lo\u0161im prognozama, a drugi ostaju u patnji i kada im je \u201esve u redu\u201c?<\/span><\/p><p><span style=\"font-weight: 400;\">Vo\u0111ena tim uvidom, zapo\u010dinje svoje vi\u0161edecenijsko istra\u017eivanje koje objedinjuje psihologiju, energiju, duhovnost i nauku, tra\u017ee\u0107i celovitu istinu o \u010doveku. Kroz vi\u0161e od 20 godina rada, edukacije i unutra\u0161nje integracije, razvija svoju autenti\u010dnu metodologiju.<\/span><\/p>\t\t\t\t\t\t\t\t<\/div>\n\t\t\t\t<\/div>\n\t\t\t\t<\/div>\n\t\t\t\t\t<\/div>\n\t\t\t\t<\/div>\n\t\t<div class=\"elementor-element elementor-element-0b7a99a e-flex e-con-boxed e-con e-parent\" data-id=\"0b7a99a\" data-element_type=\"container\" data-e-type=\"container\">\n\t\t\t\t\t<div class=\"e-con-inner\">\n\t\t\t\t<div class=\"elementor-element elementor-element-c5d581f elementor-widget elementor-widget-text-editor\" data-id=\"c5d581f\" data-element_type=\"widget\" data-e-type=\"widget\" data-widget_type=\"text-editor.default\">\n\t\t\t\t<div class=\"elementor-widget-container\">\n\t\t\t\t\t\t\t\t\t<p><span style=\"font-weight: 400;\">Tako nastaje SHA INTEGRUM \u2013 spiritualno-holisti\u010dka alhemija, tehnologija koja objedinjuje:<\/span><\/p><p><span style=\"font-weight: 400;\">znanja zapadne medicine,<\/span><\/p><p><span style=\"font-weight: 400;\">principe isto\u010dne energetske mudrosti,<\/span><\/p><p><span style=\"font-weight: 400;\">zakonitosti kvantne svesti,<\/span><\/p><p><span style=\"font-weight: 400;\">i duboki intuitivni uvid u strukturu bi\u0107a.<\/span><\/p><p><span style=\"font-weight: 400;\">SHA INTEGRUM je novi poredak zdravlja koji se ne fokusira na simptome, ve\u0107 aktivira \u010dovekovu unutra\u0161nju sposobnost samoregeneracije, uskla\u0111enja i povratka sopstvenom svetlu.<\/span><\/p><p><span style=\"font-weight: 400;\">Ova tehnologija je prvi put javno predstavljena 2022. godine u Milanu, i ubrzo prepoznata kao revolucionarni pristup balansiranju psihoenergetskih i fiziolo\u0161kih stanja, posebno kod modernih izazova kao \u0161to su:<\/span><\/p><p><span style=\"font-weight: 400;\">anksioznost i nesanica,<\/span><\/p><p><span style=\"font-weight: 400;\">post-COVID sindrom,<\/span><\/p><p><span style=\"font-weight: 400;\">hormonski i emotivni disbalansi,<\/span><\/p><p><span style=\"font-weight: 400;\">hroni\u010dna iscrpljenost i gubitak \u017eivotnog pravca.<\/span><\/p><p><span style=\"font-weight: 400;\">Kroz SHA rad, dr Nata\u0161a \u0106osi\u0107 ne \u201ele\u010di\u201c \u2013 ve\u0107 aktivira kodove svesne regeneracije.<\/span><\/p><p><span style=\"font-weight: 400;\">Ne savetuje \u2013 ve\u0107 pokre\u0107e vibracioni prostor u kojem osoba postaje svoj sopstveni izvor snage i jasno\u0107e.<\/span><\/p><p><span style=\"font-weight: 400;\">Ne oslanja se na dijagnozu \u2013 ve\u0107 \u010dita suptilne poruke du\u0161e i polja.<\/span><\/p><p><span style=\"font-weight: 400;\">Odr\u017eala je veliki broj edukacija, radionica i svetlosnih uvoda u transformaciju \u2013 kako u\u017eivo, tako i na daljinu, kroz rad sa stotinama ljudi koji su do\u017eiveli unutra\u0161nje pomake, izlazak iz blokada i potpuno resetovanje \u017eivotne putanje.<\/span><\/p><p><span style=\"font-weight: 400;\">Danas, kao osniva\u010d SHA INTEGRUM sistema, dr Nata\u0161a \u0106osi\u0107 stoji kao arhitekta nove svesti, i vodi\u010d ka vremenu u kojem zdravlje vi\u0161e nije borba, ve\u0107 prirodni izraz svetlosne uskla\u0111enosti \u010doveka sa sobom.<\/span><\/p>\t\t\t\t\t\t\t\t<\/div>\n\t\t\t\t<\/div>\n\t\t\t\t\t<\/div>\n\t\t\t\t<\/div>\n\t\t<div class=\"elementor-element elementor-element-981dfc3 e-flex e-con-boxed e-con e-parent\" data-id=\"981dfc3\" data-element_type=\"container\" data-e-type=\"container\" data-settings=\"{&quot;background_background&quot;:&quot;classic&quot;}\">\n\t\t\t\t\t<div class=\"e-con-inner\">\n\t\t<div class=\"elementor-element elementor-element-4579477 e-con-full e-flex e-con e-child\" data-id=\"4579477\" data-element_type=\"container\" data-e-type=\"container\">\n\t\t\t\t<div class=\"elementor-element elementor-element-5e07850 elementor-widget elementor-widget-heading\" data-id=\"5e07850\" data-element_type=\"widget\" data-e-type=\"widget\" data-widget_type=\"heading.default\">\n\t\t\t\t<div class=\"elementor-widget-container\">\n\t\t\t\t\t<h2 class=\"elementor-heading-title elementor-size-default\">SPREMNA SI ZA PROMENU?\n<\/h2>\t\t\t\t<\/div>\n\t\t\t\t<\/div>\n\t\t\t\t<div class=\"elementor-element elementor-element-d85ddd8 elementor-widget elementor-widget-text-editor\" data-id=\"d85ddd8\" data-element_type=\"widget\" data-e-type=\"widget\" data-widget_type=\"text-editor.default\">\n\t\t\t\t<div class=\"elementor-widget-container\">\n\t\t\t\t\t\t\t\t\t<div class=\"elementor-element elementor-element-766f4712 elementor-widget elementor-widget-text-editor\" data-id=\"766f4712\" data-element_type=\"widget\" data-widget_type=\"text-editor.default\"><div class=\"elementor-widget-container\"><p class=\"text-lg mb-8\">Ne \u010dekaj vi\u0161e! Pridru\u017ei se hiljadama ljudi koji su transformisali svoje zdravlje uz moj program.<\/p><\/div><\/div>\t\t\t\t\t\t\t\t<\/div>\n\t\t\t\t<\/div>\n\t\t\t\t<div class=\"elementor-element elementor-element-b9ad847 elementor-align-center elementor-widget elementor-widget-button\" data-id=\"b9ad847\" data-element_type=\"widget\" data-e-type=\"widget\" data-widget_type=\"button.default\">\n\t\t\t\t<div class=\"elementor-widget-container\">\n\t\t\t\t\t\t\t\t\t<div class=\"elementor-button-wrapper\">\n\t\t\t\t\t<a class=\"elementor-button elementor-button-link elementor-size-sm\" href=\"https:\/\/drnatasacosic.com\/en\/shop\/\">\n\t\t\t\t\t\t<span class=\"elementor-button-content-wrapper\">\n\t\t\t\t\t\t\t\t\t<span class=\"elementor-button-text\">ZAKA\u017dI SVOJ PROGRAM!<\/span>\n\t\t\t\t\t<\/span>\n\t\t\t\t\t<\/a>\n\t\t\t\t<\/div>\n\t\t\t\t\t\t\t\t<\/div>\n\t\t\t\t<\/div>\n\t\t\t\t<\/div>\n\t\t\t\t\t<\/div>\n\t\t\t\t<\/div>\n\t\t<div class=\"elementor-element elementor-element-3ab3754 e-flex e-con-boxed e-con e-parent\" data-id=\"3ab3754\" data-element_type=\"container\" data-e-type=\"container\">\n\t\t\t\t\t<div class=\"e-con-inner\">\n\t\t<div class=\"elementor-element elementor-element-300749a e-con-full e-flex e-con e-child\" data-id=\"300749a\" data-element_type=\"container\" data-e-type=\"container\">\n\t\t\t\t<div class=\"elementor-element elementor-element-63c7f11 elementor-widget elementor-widget-heading\" data-id=\"63c7f11\" data-element_type=\"widget\" data-e-type=\"widget\" data-widget_type=\"heading.default\">\n\t\t\t\t<div class=\"elementor-widget-container\">\n\t\t\t\t\t<h4 class=\"elementor-heading-title elementor-size-default\">Da biste u\u0161li u SHA INTEGRUM frekvencijsko polje, molimo vas da dostavite slede\u0107e podatke:<\/h4>\t\t\t\t<\/div>\n\t\t\t\t<\/div>\n\t\t\t\t<div class=\"elementor-element elementor-element-3303bcc elementor-widget elementor-widget-shortcode\" data-id=\"3303bcc\" data-element_type=\"widget\" data-e-type=\"widget\" data-widget_type=\"shortcode.default\">\n\t\t\t\t<div class=\"elementor-widget-container\">\n\t\t\t\t\t\t\t<div class=\"elementor-shortcode\">\n<div class=\"wpcf7 no-js\" id=\"wpcf7-f2105-o1\" lang=\"sr-RS\" dir=\"ltr\" data-wpcf7-id=\"2105\">\n<div class=\"screen-reader-response\"><p role=\"status\" aria-live=\"polite\" aria-atomic=\"true\"><\/p> <ul><\/ul><\/div>\n<form action=\"\/en\/wp-json\/wp\/v2\/pages\/252#wpcf7-f2105-o1\" method=\"post\" class=\"wpcf7-form init\" aria-label=\"Contact form\" enctype=\"multipart\/form-data\" novalidate=\"novalidate\" data-status=\"init\" data-trp-original-action=\"\/en\/wp-json\/wp\/v2\/pages\/252#wpcf7-f2105-o1\">\n<fieldset class=\"hidden-fields-container\"><input type=\"hidden\" name=\"_wpcf7\" value=\"2105\" \/><input type=\"hidden\" name=\"_wpcf7_version\" value=\"6.1.5\" \/><input type=\"hidden\" name=\"_wpcf7_locale\" value=\"sr_RS\" \/><input type=\"hidden\" name=\"_wpcf7_unit_tag\" value=\"wpcf7-f2105-o1\" \/><input type=\"hidden\" name=\"_wpcf7_container_post\" value=\"0\" \/><input type=\"hidden\" name=\"_wpcf7_posted_data_hash\" value=\"\" \/>\n<\/fieldset>\n<p><label> Ime i prezime<br \/>\n<span class=\"wpcf7-form-control-wrap\" data-name=\"your-name\"><input size=\"40\" maxlength=\"400\" class=\"wpcf7-form-control wpcf7-text wpcf7-validates-as-required\" autocomplete=\"name\" aria-required=\"true\" aria-invalid=\"false\" value=\"\" type=\"text\" name=\"your-name\" \/><\/span> <\/label><br \/>\n<label>Datum ro\u0111enja (dan, mesec, godina)<br \/>\n<span class=\"wpcf7-form-control-wrap\" data-name=\"datum-rodjenja\"><input class=\"wpcf7-form-control wpcf7-date wpcf7-validates-as-date\" aria-invalid=\"false\" value=\"\" type=\"date\" name=\"datum-rodjenja\" \/><\/span><\/label>\n<\/p>\n<p><label>Trenutna lokacija (grad i zemlja u kojoj se nalazite)<br \/>\n<span class=\"wpcf7-form-control-wrap\" data-name=\"lokacija\"><input size=\"40\" maxlength=\"400\" class=\"wpcf7-form-control wpcf7-text\" aria-invalid=\"false\" value=\"\" type=\"text\" name=\"lokacija\" \/><\/span><\/label>\n<\/p>\n<p><label>Va\u0161a fotografija \u2013 \u0161to sve\u017eija i aktuelnija<br \/>\nFotografija treba da prikazuje va\u0161e lice jasno i neposredno (ne stariju od 6 meseci), jer SHA tehnologija o\u010ditava energetski zapis kroz frekvenciju va\u0161eg trenutnog stanja.<br \/>\n<span class=\"wpcf7-form-control-wrap\" data-name=\"vasa-slika\"><input size=\"40\" class=\"wpcf7-form-control wpcf7-file\" accept=\"image\/*\" aria-invalid=\"false\" type=\"file\" name=\"vasa-slika\" \/><\/span><\/label>\n<\/p>\n<p><label> Email adresa (za potvrdu i pra\u0107enje tretmana)<br \/>\n<span class=\"wpcf7-form-control-wrap\" data-name=\"your-email\"><input size=\"40\" maxlength=\"400\" class=\"wpcf7-form-control wpcf7-email wpcf7-validates-as-required wpcf7-text wpcf7-validates-as-email\" autocomplete=\"email\" aria-required=\"true\" aria-invalid=\"false\" value=\"\" type=\"email\" name=\"your-email\" \/><\/span> <\/label>\n<\/p>\n<p><label>(Opcionalno) Broj telefona (u slu\u010daju potrebe za dodatnim informacijama ili personalizovanim uputstvima)<br \/>\n<span class=\"wpcf7-form-control-wrap\" data-name=\"telefon\"><input size=\"40\" maxlength=\"400\" class=\"wpcf7-form-control wpcf7-tel wpcf7-text wpcf7-validates-as-tel\" aria-invalid=\"false\" value=\"\" type=\"tel\" name=\"telefon\" \/><\/span><\/label>\n<\/p>\n<p><input class=\"wpcf7-form-control wpcf7-submit has-spinner\" type=\"submit\" value=\"Po\u0161alji\" \/>\n<\/p><div class=\"wpcf7-response-output\" aria-hidden=\"true\"><\/div>\n<input type=\"hidden\" name=\"trp-form-language\" value=\"en\"\/><\/form>\n<\/div>\n<\/div>\n\t\t\t\t\t\t<\/div>\n\t\t\t\t<\/div>\n\t\t\t\t<\/div>\n\t\t\t\t\t<\/div>\n\t\t\t\t<\/div>\n\t\t\t\t<\/div>","protected":false},"excerpt":{"rendered":"<p>dr Nata\u0161a \u0106osi\u0107 Doktor medicine. Arhitekta svesti. Osniva\u010d SHA INTEGRUM tehnologije. Ro\u0111ena 1974. godine u Beogradu, dr Nata\u0161a \u0106osi\u0107 zavr\u0161ila je Medicinski fakultet sa najvi\u0161im ocenama, specijalizuju\u0107i se za internu medicinu. Ipak, jo\u0161 tokom studija, njena dublja unutra\u0161nja potraga vodila ju je izvan granica klasi\u010dnog medicinskog modela. Postavljala je pitanja koja medicina ne postavlja: Za\u0161to [&hellip;]<\/p>\n","protected":false},"author":1,"featured_media":0,"parent":0,"menu_order":0,"comment_status":"closed","ping_status":"closed","template":"","meta":{"site-sidebar-layout":"no-sidebar","site-content-layout":"page-builder","ast-site-content-layout":"default","site-content-style":"default","site-sidebar-style":"default","ast-global-header-display":"","ast-banner-title-visibility":"","ast-main-header-display":"","ast-hfb-above-header-display":"","ast-hfb-below-header-display":"","ast-hfb-mobile-header-display":"","site-post-title":"disabled","ast-breadcrumbs-content":"disabled","ast-featured-img":"disabled","footer-sml-layout":"","ast-disable-related-posts":"","theme-transparent-header-meta":"enabled","adv-header-id-meta":"","stick-header-meta":"","header-above-stick-meta":"","header-main-stick-meta":"","header-below-stick-meta":"","astra-migrate-meta-layouts":"default","ast-page-background-enabled":"default","ast-page-background-meta":{"desktop":{"background-color":"var(--ast-global-color-4)","background-image":"","background-repeat":"repeat","background-position":"center center","background-size":"auto","background-attachment":"scroll","background-type":"","background-media":"","overlay-type":"","overlay-color":"","overlay-opacity":"","overlay-gradient":""},"tablet":{"background-color":"","background-image":"","background-repeat":"repeat","background-position":"center center","background-size":"auto","background-attachment":"scroll","background-type":"","background-media":"","overlay-type":"","overlay-color":"","overlay-opacity":"","overlay-gradient":""},"mobile":{"background-color":"","background-image":"","background-repeat":"repeat","background-position":"center center","background-size":"auto","background-attachment":"scroll","background-type":"","background-media":"","overlay-type":"","overlay-color":"","overlay-opacity":"","overlay-gradient":""}},"ast-content-background-meta":{"desktop":{"background-color":"var(--ast-global-color-5)","background-image":"","background-repeat":"repeat","background-position":"center center","background-size":"auto","background-attachment":"scroll","background-type":"","background-media":"","overlay-type":"","overlay-color":"","overlay-opacity":"","overlay-gradient":""},"tablet":{"background-color":"var(--ast-global-color-5)","background-image":"","background-repeat":"repeat","background-position":"center center","background-size":"auto","background-attachment":"scroll","background-type":"","background-media":"","overlay-type":"","overlay-color":"","overlay-opacity":"","overlay-gradient":""},"mobile":{"background-color":"var(--ast-global-color-5)","background-image":"","background-repeat":"repeat","background-position":"center center","background-size":"auto","background-attachment":"scroll","background-type":"","background-media":"","overlay-type":"","overlay-color":"","overlay-opacity":"","overlay-gradient":""}},"footnotes":""},"class_list":["post-252","page","type-page","status-publish","hentry"],"yoast_head":"<!-- This site is optimized with the Yoast SEO plugin v27.4 - https:\/\/yoast.com\/product\/yoast-seo-wordpress\/ -->\n<title>About - dr Nata\u0161a \u0106osi\u0107<\/title>\n<meta name=\"robots\" content=\"index, follow, max-snippet:-1, max-image-preview:large, max-video-preview:-1\" \/>\n<link rel=\"canonical\" href=\"https:\/\/drnatasacosic.com\/en\/about\/\" \/>\n<meta property=\"og:locale\" content=\"en_US\" \/>\n<meta property=\"og:type\" content=\"article\" \/>\n<meta property=\"og:title\" content=\"About - dr Nata\u0161a \u0106osi\u0107\" \/>\n<meta property=\"og:description\" content=\"dr Nata\u0161a \u0106osi\u0107 Doktor medicine. Arhitekta svesti. Osniva\u010d SHA INTEGRUM tehnologije. Ro\u0111ena 1974. godine u Beogradu, dr Nata\u0161a \u0106osi\u0107 zavr\u0161ila je Medicinski fakultet sa najvi\u0161im ocenama, specijalizuju\u0107i se za internu medicinu. Ipak, jo\u0161 tokom studija, njena dublja unutra\u0161nja potraga vodila ju je izvan granica klasi\u010dnog medicinskog modela. Postavljala je pitanja koja medicina ne postavlja: Za\u0161to [&hellip;]\" \/>\n<meta property=\"og:url\" content=\"https:\/\/drnatasacosic.com\/en\/about\/\" \/>\n<meta property=\"og:site_name\" content=\"dr Nata\u0161a \u0106osi\u0107\" \/>\n<meta property=\"article:modified_time\" content=\"2025-11-07T12:09:40+00:00\" \/>\n<meta property=\"og:image\" content=\"https:\/\/drnatasacosic.com\/wp-content\/uploads\/2025\/07\/dr-Natasa-Cosic.jpg\" \/>\n\t<meta property=\"og:image:width\" content=\"1067\" \/>\n\t<meta property=\"og:image:height\" content=\"1601\" \/>\n\t<meta property=\"og:image:type\" content=\"image\/jpeg\" \/>\n<meta name=\"twitter:card\" content=\"summary_large_image\" \/>\n<meta name=\"twitter:label1\" content=\"Est. reading time\" \/>\n\t<meta name=\"twitter:data1\" content=\"3 minutes\" \/>\n<script type=\"application\/ld+json\" class=\"yoast-schema-graph\">{\"@context\":\"https:\\\/\\\/schema.org\",\"@graph\":[{\"@type\":\"WebPage\",\"@id\":\"https:\\\/\\\/drnatasacosic.com\\\/about\\\/\",\"url\":\"https:\\\/\\\/drnatasacosic.com\\\/about\\\/\",\"name\":\"About - dr Nata\u0161a \u0106osi\u0107\",\"isPartOf\":{\"@id\":\"https:\\\/\\\/drnatasacosic.com\\\/#website\"},\"primaryImageOfPage\":{\"@id\":\"https:\\\/\\\/drnatasacosic.com\\\/about\\\/#primaryimage\"},\"image\":{\"@id\":\"https:\\\/\\\/drnatasacosic.com\\\/about\\\/#primaryimage\"},\"thumbnailUrl\":\"https:\\\/\\\/drnatasacosic.com\\\/wp-content\\\/uploads\\\/2025\\\/07\\\/dr-Natasa-Cosic-682x1024.jpg\",\"datePublished\":\"2025-07-02T08:46:17+00:00\",\"dateModified\":\"2025-11-07T12:09:40+00:00\",\"breadcrumb\":{\"@id\":\"https:\\\/\\\/drnatasacosic.com\\\/about\\\/#breadcrumb\"},\"inLanguage\":\"en-US\",\"potentialAction\":[{\"@type\":\"ReadAction\",\"target\":[\"https:\\\/\\\/drnatasacosic.com\\\/about\\\/\"]}]},{\"@type\":\"ImageObject\",\"inLanguage\":\"en-US\",\"@id\":\"https:\\\/\\\/drnatasacosic.com\\\/about\\\/#primaryimage\",\"url\":\"https:\\\/\\\/drnatasacosic.com\\\/wp-content\\\/uploads\\\/2025\\\/07\\\/dr-Natasa-Cosic-682x1024.jpg\",\"contentUrl\":\"https:\\\/\\\/drnatasacosic.com\\\/wp-content\\\/uploads\\\/2025\\\/07\\\/dr-Natasa-Cosic-682x1024.jpg\"},{\"@type\":\"BreadcrumbList\",\"@id\":\"https:\\\/\\\/drnatasacosic.com\\\/about\\\/#breadcrumb\",\"itemListElement\":[{\"@type\":\"ListItem\",\"position\":1,\"name\":\"Home\",\"item\":\"https:\\\/\\\/drnatasacosic.com\\\/\"},{\"@type\":\"ListItem\",\"position\":2,\"name\":\"About\"}]},{\"@type\":\"WebSite\",\"@id\":\"https:\\\/\\\/drnatasacosic.com\\\/#website\",\"url\":\"https:\\\/\\\/drnatasacosic.com\\\/\",\"name\":\"dr Nata\u0161a \u0106osi\u0107\",\"description\":\"\",\"potentialAction\":[{\"@type\":\"SearchAction\",\"target\":{\"@type\":\"EntryPoint\",\"urlTemplate\":\"https:\\\/\\\/drnatasacosic.com\\\/?s={search_term_string}\"},\"query-input\":{\"@type\":\"PropertyValueSpecification\",\"valueRequired\":true,\"valueName\":\"search_term_string\"}}],\"inLanguage\":\"en-US\"}]}<\/script>\n<!-- \/ Yoast SEO plugin. -->","yoast_head_json":{"title":"About - dr Nata\u0161a \u0106osi\u0107","robots":{"index":"index","follow":"follow","max-snippet":"max-snippet:-1","max-image-preview":"max-image-preview:large","max-video-preview":"max-video-preview:-1"},"canonical":"https:\/\/drnatasacosic.com\/en\/about\/","og_locale":"en_US","og_type":"article","og_title":"About - dr Nata\u0161a \u0106osi\u0107","og_description":"dr Nata\u0161a \u0106osi\u0107 Doktor medicine. Arhitekta svesti. Osniva\u010d SHA INTEGRUM tehnologije. Ro\u0111ena 1974. godine u Beogradu, dr Nata\u0161a \u0106osi\u0107 zavr\u0161ila je Medicinski fakultet sa najvi\u0161im ocenama, specijalizuju\u0107i se za internu medicinu. Ipak, jo\u0161 tokom studija, njena dublja unutra\u0161nja potraga vodila ju je izvan granica klasi\u010dnog medicinskog modela. Postavljala je pitanja koja medicina ne postavlja: Za\u0161to [&hellip;]","og_url":"https:\/\/drnatasacosic.com\/en\/about\/","og_site_name":"dr Nata\u0161a \u0106osi\u0107","article_modified_time":"2025-11-07T12:09:40+00:00","og_image":[{"width":1067,"height":1601,"url":"https:\/\/drnatasacosic.com\/wp-content\/uploads\/2025\/07\/dr-Natasa-Cosic.jpg","type":"image\/jpeg"}],"twitter_card":"summary_large_image","twitter_misc":{"Est. reading time":"3 minutes"},"schema":{"@context":"https:\/\/schema.org","@graph":[{"@type":"WebPage","@id":"https:\/\/drnatasacosic.com\/about\/","url":"https:\/\/drnatasacosic.com\/about\/","name":"About - dr Nata\u0161a \u0106osi\u0107","isPartOf":{"@id":"https:\/\/drnatasacosic.com\/#website"},"primaryImageOfPage":{"@id":"https:\/\/drnatasacosic.com\/about\/#primaryimage"},"image":{"@id":"https:\/\/drnatasacosic.com\/about\/#primaryimage"},"thumbnailUrl":"https:\/\/drnatasacosic.com\/wp-content\/uploads\/2025\/07\/dr-Natasa-Cosic-682x1024.jpg","datePublished":"2025-07-02T08:46:17+00:00","dateModified":"2025-11-07T12:09:40+00:00","breadcrumb":{"@id":"https:\/\/drnatasacosic.com\/about\/#breadcrumb"},"inLanguage":"en-US","potentialAction":[{"@type":"ReadAction","target":["https:\/\/drnatasacosic.com\/about\/"]}]},{"@type":"ImageObject","inLanguage":"en-US","@id":"https:\/\/drnatasacosic.com\/about\/#primaryimage","url":"https:\/\/drnatasacosic.com\/wp-content\/uploads\/2025\/07\/dr-Natasa-Cosic-682x1024.jpg","contentUrl":"https:\/\/drnatasacosic.com\/wp-content\/uploads\/2025\/07\/dr-Natasa-Cosic-682x1024.jpg"},{"@type":"BreadcrumbList","@id":"https:\/\/drnatasacosic.com\/about\/#breadcrumb","itemListElement":[{"@type":"ListItem","position":1,"name":"Home","item":"https:\/\/drnatasacosic.com\/"},{"@type":"ListItem","position":2,"name":"About"}]},{"@type":"WebSite","@id":"https:\/\/drnatasacosic.com\/#website","url":"https:\/\/drnatasacosic.com\/","name":"dr Nata\u0161a \u0106osi\u0107","description":"","potentialAction":[{"@type":"SearchAction","target":{"@type":"EntryPoint","urlTemplate":"https:\/\/drnatasacosic.com\/?s={search_term_string}"},"query-input":{"@type":"PropertyValueSpecification","valueRequired":true,"valueName":"search_term_string"}}],"inLanguage":"en-US"}]}},"_links":{"self":[{"href":"https:\/\/drnatasacosic.com\/en\/wp-json\/wp\/v2\/pages\/252","targetHints":{"allow":["GET"]}}],"collection":[{"href":"https:\/\/drnatasacosic.com\/en\/wp-json\/wp\/v2\/pages"}],"about":[{"href":"https:\/\/drnatasacosic.com\/en\/wp-json\/wp\/v2\/types\/page"}],"author":[{"embeddable":true,"href":"https:\/\/drnatasacosic.com\/en\/wp-json\/wp\/v2\/users\/1"}],"replies":[{"embeddable":true,"href":"https:\/\/drnatasacosic.com\/en\/wp-json\/wp\/v2\/comments?post=252"}],"version-history":[{"count":21,"href":"https:\/\/drnatasacosic.com\/en\/wp-json\/wp\/v2\/pages\/252\/revisions"}],"predecessor-version":[{"id":2166,"href":"https:\/\/drnatasacosic.com\/en\/wp-json\/wp\/v2\/pages\/252\/revisions\/2166"}],"wp:attachment":[{"href":"https:\/\/drnatasacosic.com\/en\/wp-json\/wp\/v2\/media?parent=252"}],"curies":[{"name":"wp","href":"https:\/\/api.w.org\/{rel}","templated":true}]}}