{"id":2054,"date":"2025-10-13T15:18:05","date_gmt":"2025-10-13T13:18:05","guid":{"rendered":"https:\/\/drnatasacosic.com\/?post_type=product&#038;p=2054"},"modified":"2025-11-14T12:04:59","modified_gmt":"2025-11-14T11:04:59","slug":"opsta-analiza-bioinformacioni-uvid-u-stanje","status":"publish","type":"product","link":"https:\/\/drnatasacosic.com\/en\/proizvod\/opsta-analiza-bioinformacioni-uvid-u-stanje\/","title":{"rendered":"1. Op\u0161ta analiza \u2013 Bioinformacioni uvid u stanje"},"content":{"rendered":"<p><span style=\"font-weight: 400;\">Ovom analizom dobijate uvid u\u00a0 stanje biopolja i informacionu matrice tela. Detektujemo gde je do\u0161lo do gubitka energije, disbalansa izme\u0111u nervnog, hormonskog i emocionalnog sistema i gde postoji prekid komunikacije u \u0107elijskom odgovoru.<\/span><\/p>\n<p><span style=\"font-weight: 400;\">\u010covek obi\u010dno ose\u0107a umor, te\u017einu u grudima, nesanicu ili pritisak u glavi \u2013 a uzrok je u deformaciji bioelektri\u010dnog toka.<\/span><\/p>\n<p><span style=\"font-weight: 400;\">Nakon detekcije stanja ,dajemo predlog re\u0161enja.Kroz tretmane delujemo direktno na uzrok \u2013 prepoznajemo izvor blokade, bilo da poti\u010de iz mentalnog stresa, me\u0111uljudskih odnosa ili rodovskog koda.<\/span><\/p>\n<p><span style=\"font-weight: 400;\">Ve\u0107 nakon par dana, telo reaguje rastere\u0107enjem, lak\u0161im disanjem i boljim snom.<\/span><\/p>\n<p><span style=\"font-weight: 400;\">Klijent dobija:<\/span><\/p>\n<ul>\n<li style=\"font-weight: 400;\" aria-level=\"1\"><span style=\"font-weight: 400;\">Pisani izve\u0161taj sa obja\u0161njenjem stanja<\/span><\/li>\n<li style=\"font-weight: 400;\" aria-level=\"1\"><span style=\"font-weight: 400;\">Preporuku nivoa tretmana i trajanja<\/span><\/li>\n<li style=\"font-weight: 400;\" aria-level=\"1\"><span style=\"font-weight: 400;\">Energetski uvid u fizi\u010dki, emotivni i misaoni sloj<\/span><\/li>\n<\/ul>\n<p><span style=\"font-weight: 400;\">Trajanje: do 24h od uplate analizu dobijate na mail<\/span><\/p>\n<p><span style=\"font-weight: 400;\">Uputstvo: po\u0161aljite ime, prezime, datum ro\u0111enja i fotografiju\u00a0<\/span><\/p>\n<p><strong>Nakon uplate, automatski se aktivira Va\u0161 energetski proces unutar sistema SHA Transformator \u017eivota, a potvrdu i dalja uputstva dobijate putem e-maila.<\/strong><\/p>","protected":false},"excerpt":{"rendered":"<p>Ovom analizom dobijate uvid u\u00a0 stanje biopolja i informacionu matrice tela. Detektujemo gde je do\u0161lo do gubitka energije, disbalansa izme\u0111u nervnog, hormonskog i emocionalnog sistema i gde postoji prekid komunikacije u \u0107elijskom odgovoru. \u010covek obi\u010dno ose\u0107a umor, te\u017einu u grudima, nesanicu ili pritisak u glavi \u2013 a uzrok je u deformaciji bioelektri\u010dnog toka. Nakon detekcije [&hellip;]<\/p>\n","protected":false},"featured_media":2055,"comment_status":"open","ping_status":"closed","template":"","meta":{"site-sidebar-layout":"default","site-content-layout":"","ast-site-content-layout":"default","site-content-style":"default","site-sidebar-style":"default","ast-global-header-display":"","ast-banner-title-visibility":"","ast-main-header-display":"","ast-hfb-above-header-display":"","ast-hfb-below-header-display":"","ast-hfb-mobile-header-display":"","site-post-title":"","ast-breadcrumbs-content":"","ast-featured-img":"","footer-sml-layout":"","ast-disable-related-posts":"","theme-transparent-header-meta":"default","adv-header-id-meta":"","stick-header-meta":"","header-above-stick-meta":"","header-main-stick-meta":"","header-below-stick-meta":"","astra-migrate-meta-layouts":"set","ast-page-background-enabled":"default","ast-page-background-meta":{"desktop":{"background-color":"var(--ast-global-color-4)","background-image":"","background-repeat":"repeat","background-position":"center center","background-size":"auto","background-attachment":"scroll","background-type":"","background-media":"","overlay-type":"","overlay-color":"","overlay-opacity":"","overlay-gradient":""},"tablet":{"background-color":"","background-image":"","background-repeat":"repeat","background-position":"center center","background-size":"auto","background-attachment":"scroll","background-type":"","background-media":"","overlay-type":"","overlay-color":"","overlay-opacity":"","overlay-gradient":""},"mobile":{"background-color":"","background-image":"","background-repeat":"repeat","background-position":"center center","background-size":"auto","background-attachment":"scroll","background-type":"","background-media":"","overlay-type":"","overlay-color":"","overlay-opacity":"","overlay-gradient":""}},"ast-content-background-meta":{"desktop":{"background-color":"var(--ast-global-color-5)","background-image":"","background-repeat":"repeat","background-position":"center center","background-size":"auto","background-attachment":"scroll","background-type":"","background-media":"","overlay-type":"","overlay-color":"","overlay-opacity":"","overlay-gradient":""},"tablet":{"background-color":"var(--ast-global-color-5)","background-image":"","background-repeat":"repeat","background-position":"center center","background-size":"auto","background-attachment":"scroll","background-type":"","background-media":"","overlay-type":"","overlay-color":"","overlay-opacity":"","overlay-gradient":""},"mobile":{"background-color":"var(--ast-global-color-5)","background-image":"","background-repeat":"repeat","background-position":"center center","background-size":"auto","background-attachment":"scroll","background-type":"","background-media":"","overlay-type":"","overlay-color":"","overlay-opacity":"","overlay-gradient":""}}},"product_brand":[],"product_cat":[15],"product_tag":[],"class_list":{"0":"post-2054","1":"product","2":"type-product","3":"status-publish","4":"has-post-thumbnail","6":"product_cat-nekategorizovano","7":"desktop-align-left","8":"tablet-align-left","9":"mobile-align-left","11":"first","12":"instock","13":"virtual","14":"purchasable","15":"product-type-simple"},"yoast_head":"<!-- This site is optimized with the Yoast SEO plugin v27.4 - https:\/\/yoast.com\/product\/yoast-seo-wordpress\/ -->\n<title>1. Op\u0161ta analiza \u2013 Bioinformacioni uvid u stanje - dr Nata\u0161a \u0106osi\u0107<\/title>\n<meta name=\"robots\" content=\"index, follow, max-snippet:-1, max-image-preview:large, max-video-preview:-1\" \/>\n<link rel=\"canonical\" href=\"https:\/\/drnatasacosic.com\/en\/proizvod\/opsta-analiza-bioinformacioni-uvid-u-stanje\/\" \/>\n<meta property=\"og:locale\" content=\"en_US\" \/>\n<meta property=\"og:type\" content=\"article\" \/>\n<meta property=\"og:title\" content=\"1. Op\u0161ta analiza \u2013 Bioinformacioni uvid u stanje - dr Nata\u0161a \u0106osi\u0107\" \/>\n<meta property=\"og:description\" content=\"Ovom analizom dobijate uvid u\u00a0 stanje biopolja i informacionu matrice tela. Detektujemo gde je do\u0161lo do gubitka energije, disbalansa izme\u0111u nervnog, hormonskog i emocionalnog sistema i gde postoji prekid komunikacije u \u0107elijskom odgovoru. \u010covek obi\u010dno ose\u0107a umor, te\u017einu u grudima, nesanicu ili pritisak u glavi \u2013 a uzrok je u deformaciji bioelektri\u010dnog toka. Nakon detekcije [&hellip;]\" \/>\n<meta property=\"og:url\" content=\"https:\/\/drnatasacosic.com\/en\/proizvod\/opsta-analiza-bioinformacioni-uvid-u-stanje\/\" \/>\n<meta property=\"og:site_name\" content=\"dr Nata\u0161a \u0106osi\u0107\" \/>\n<meta property=\"article:modified_time\" content=\"2025-11-14T11:04:59+00:00\" \/>\n<meta property=\"og:image\" content=\"https:\/\/drnatasacosic.com\/wp-content\/uploads\/2025\/10\/11.webp\" \/>\n\t<meta property=\"og:image:width\" content=\"480\" \/>\n\t<meta property=\"og:image:height\" content=\"480\" \/>\n\t<meta property=\"og:image:type\" content=\"image\/webp\" \/>\n<meta name=\"twitter:card\" content=\"summary_large_image\" \/>\n<meta name=\"twitter:label1\" content=\"Est. reading time\" \/>\n\t<meta name=\"twitter:data1\" content=\"2 minutes\" \/>\n<script type=\"application\/ld+json\" class=\"yoast-schema-graph\">{\"@context\":\"https:\\\/\\\/schema.org\",\"@graph\":[{\"@type\":\"WebPage\",\"@id\":\"https:\\\/\\\/drnatasacosic.com\\\/proizvod\\\/opsta-analiza-bioinformacioni-uvid-u-stanje\\\/\",\"url\":\"https:\\\/\\\/drnatasacosic.com\\\/proizvod\\\/opsta-analiza-bioinformacioni-uvid-u-stanje\\\/\",\"name\":\"1. Op\u0161ta analiza \u2013 Bioinformacioni uvid u stanje - dr Nata\u0161a \u0106osi\u0107\",\"isPartOf\":{\"@id\":\"https:\\\/\\\/drnatasacosic.com\\\/#website\"},\"primaryImageOfPage\":{\"@id\":\"https:\\\/\\\/drnatasacosic.com\\\/proizvod\\\/opsta-analiza-bioinformacioni-uvid-u-stanje\\\/#primaryimage\"},\"image\":{\"@id\":\"https:\\\/\\\/drnatasacosic.com\\\/proizvod\\\/opsta-analiza-bioinformacioni-uvid-u-stanje\\\/#primaryimage\"},\"thumbnailUrl\":\"https:\\\/\\\/drnatasacosic.com\\\/wp-content\\\/uploads\\\/2025\\\/10\\\/11.webp\",\"datePublished\":\"2025-10-13T13:18:05+00:00\",\"dateModified\":\"2025-11-14T11:04:59+00:00\",\"breadcrumb\":{\"@id\":\"https:\\\/\\\/drnatasacosic.com\\\/proizvod\\\/opsta-analiza-bioinformacioni-uvid-u-stanje\\\/#breadcrumb\"},\"inLanguage\":\"en-US\",\"potentialAction\":[{\"@type\":\"ReadAction\",\"target\":[\"https:\\\/\\\/drnatasacosic.com\\\/proizvod\\\/opsta-analiza-bioinformacioni-uvid-u-stanje\\\/\"]}]},{\"@type\":\"ImageObject\",\"inLanguage\":\"en-US\",\"@id\":\"https:\\\/\\\/drnatasacosic.com\\\/proizvod\\\/opsta-analiza-bioinformacioni-uvid-u-stanje\\\/#primaryimage\",\"url\":\"https:\\\/\\\/drnatasacosic.com\\\/wp-content\\\/uploads\\\/2025\\\/10\\\/11.webp\",\"contentUrl\":\"https:\\\/\\\/drnatasacosic.com\\\/wp-content\\\/uploads\\\/2025\\\/10\\\/11.webp\",\"width\":480,\"height\":480},{\"@type\":\"BreadcrumbList\",\"@id\":\"https:\\\/\\\/drnatasacosic.com\\\/proizvod\\\/opsta-analiza-bioinformacioni-uvid-u-stanje\\\/#breadcrumb\",\"itemListElement\":[{\"@type\":\"ListItem\",\"position\":1,\"name\":\"Home\",\"item\":\"https:\\\/\\\/drnatasacosic.com\\\/\"},{\"@type\":\"ListItem\",\"position\":2,\"name\":\"Shop\",\"item\":\"https:\\\/\\\/drnatasacosic.com\\\/shop\\\/\"},{\"@type\":\"ListItem\",\"position\":3,\"name\":\"1. Op\u0161ta analiza \u2013 Bioinformacioni uvid u stanje\"}]},{\"@type\":\"WebSite\",\"@id\":\"https:\\\/\\\/drnatasacosic.com\\\/#website\",\"url\":\"https:\\\/\\\/drnatasacosic.com\\\/\",\"name\":\"dr Nata\u0161a \u0106osi\u0107\",\"description\":\"\",\"potentialAction\":[{\"@type\":\"SearchAction\",\"target\":{\"@type\":\"EntryPoint\",\"urlTemplate\":\"https:\\\/\\\/drnatasacosic.com\\\/?s={search_term_string}\"},\"query-input\":{\"@type\":\"PropertyValueSpecification\",\"valueRequired\":true,\"valueName\":\"search_term_string\"}}],\"inLanguage\":\"en-US\"}]}<\/script>\n<!-- \/ Yoast SEO plugin. -->","yoast_head_json":{"title":"1. Op\u0161ta analiza \u2013 Bioinformacioni uvid u stanje - dr Nata\u0161a \u0106osi\u0107","robots":{"index":"index","follow":"follow","max-snippet":"max-snippet:-1","max-image-preview":"max-image-preview:large","max-video-preview":"max-video-preview:-1"},"canonical":"https:\/\/drnatasacosic.com\/en\/proizvod\/opsta-analiza-bioinformacioni-uvid-u-stanje\/","og_locale":"en_US","og_type":"article","og_title":"1. Op\u0161ta analiza \u2013 Bioinformacioni uvid u stanje - dr Nata\u0161a \u0106osi\u0107","og_description":"Ovom analizom dobijate uvid u\u00a0 stanje biopolja i informacionu matrice tela. Detektujemo gde je do\u0161lo do gubitka energije, disbalansa izme\u0111u nervnog, hormonskog i emocionalnog sistema i gde postoji prekid komunikacije u \u0107elijskom odgovoru. \u010covek obi\u010dno ose\u0107a umor, te\u017einu u grudima, nesanicu ili pritisak u glavi \u2013 a uzrok je u deformaciji bioelektri\u010dnog toka. Nakon detekcije [&hellip;]","og_url":"https:\/\/drnatasacosic.com\/en\/proizvod\/opsta-analiza-bioinformacioni-uvid-u-stanje\/","og_site_name":"dr Nata\u0161a \u0106osi\u0107","article_modified_time":"2025-11-14T11:04:59+00:00","og_image":[{"width":480,"height":480,"url":"https:\/\/drnatasacosic.com\/wp-content\/uploads\/2025\/10\/11.webp","type":"image\/webp"}],"twitter_card":"summary_large_image","twitter_misc":{"Est. reading time":"2 minutes"},"schema":{"@context":"https:\/\/schema.org","@graph":[{"@type":"WebPage","@id":"https:\/\/drnatasacosic.com\/proizvod\/opsta-analiza-bioinformacioni-uvid-u-stanje\/","url":"https:\/\/drnatasacosic.com\/proizvod\/opsta-analiza-bioinformacioni-uvid-u-stanje\/","name":"1. Op\u0161ta analiza \u2013 Bioinformacioni uvid u stanje - dr Nata\u0161a \u0106osi\u0107","isPartOf":{"@id":"https:\/\/drnatasacosic.com\/#website"},"primaryImageOfPage":{"@id":"https:\/\/drnatasacosic.com\/proizvod\/opsta-analiza-bioinformacioni-uvid-u-stanje\/#primaryimage"},"image":{"@id":"https:\/\/drnatasacosic.com\/proizvod\/opsta-analiza-bioinformacioni-uvid-u-stanje\/#primaryimage"},"thumbnailUrl":"https:\/\/drnatasacosic.com\/wp-content\/uploads\/2025\/10\/11.webp","datePublished":"2025-10-13T13:18:05+00:00","dateModified":"2025-11-14T11:04:59+00:00","breadcrumb":{"@id":"https:\/\/drnatasacosic.com\/proizvod\/opsta-analiza-bioinformacioni-uvid-u-stanje\/#breadcrumb"},"inLanguage":"en-US","potentialAction":[{"@type":"ReadAction","target":["https:\/\/drnatasacosic.com\/proizvod\/opsta-analiza-bioinformacioni-uvid-u-stanje\/"]}]},{"@type":"ImageObject","inLanguage":"en-US","@id":"https:\/\/drnatasacosic.com\/proizvod\/opsta-analiza-bioinformacioni-uvid-u-stanje\/#primaryimage","url":"https:\/\/drnatasacosic.com\/wp-content\/uploads\/2025\/10\/11.webp","contentUrl":"https:\/\/drnatasacosic.com\/wp-content\/uploads\/2025\/10\/11.webp","width":480,"height":480},{"@type":"BreadcrumbList","@id":"https:\/\/drnatasacosic.com\/proizvod\/opsta-analiza-bioinformacioni-uvid-u-stanje\/#breadcrumb","itemListElement":[{"@type":"ListItem","position":1,"name":"Home","item":"https:\/\/drnatasacosic.com\/"},{"@type":"ListItem","position":2,"name":"Shop","item":"https:\/\/drnatasacosic.com\/shop\/"},{"@type":"ListItem","position":3,"name":"1. Op\u0161ta analiza \u2013 Bioinformacioni uvid u stanje"}]},{"@type":"WebSite","@id":"https:\/\/drnatasacosic.com\/#website","url":"https:\/\/drnatasacosic.com\/","name":"dr Nata\u0161a \u0106osi\u0107","description":"","potentialAction":[{"@type":"SearchAction","target":{"@type":"EntryPoint","urlTemplate":"https:\/\/drnatasacosic.com\/?s={search_term_string}"},"query-input":{"@type":"PropertyValueSpecification","valueRequired":true,"valueName":"search_term_string"}}],"inLanguage":"en-US"}]}},"_links":{"self":[{"href":"https:\/\/drnatasacosic.com\/en\/wp-json\/wp\/v2\/product\/2054","targetHints":{"allow":["GET"]}}],"collection":[{"href":"https:\/\/drnatasacosic.com\/en\/wp-json\/wp\/v2\/product"}],"about":[{"href":"https:\/\/drnatasacosic.com\/en\/wp-json\/wp\/v2\/types\/product"}],"replies":[{"embeddable":true,"href":"https:\/\/drnatasacosic.com\/en\/wp-json\/wp\/v2\/comments?post=2054"}],"wp:featuredmedia":[{"embeddable":true,"href":"https:\/\/drnatasacosic.com\/en\/wp-json\/wp\/v2\/media\/2055"}],"wp:attachment":[{"href":"https:\/\/drnatasacosic.com\/en\/wp-json\/wp\/v2\/media?parent=2054"}],"wp:term":[{"taxonomy":"product_brand","embeddable":true,"href":"https:\/\/drnatasacosic.com\/en\/wp-json\/wp\/v2\/product_brand?post=2054"},{"taxonomy":"product_cat","embeddable":true,"href":"https:\/\/drnatasacosic.com\/en\/wp-json\/wp\/v2\/product_cat?post=2054"},{"taxonomy":"product_tag","embeddable":true,"href":"https:\/\/drnatasacosic.com\/en\/wp-json\/wp\/v2\/product_tag?post=2054"}],"curies":[{"name":"wp","href":"https:\/\/api.w.org\/{rel}","templated":true}]}}