{"id":2060,"date":"2025-10-13T15:34:19","date_gmt":"2025-10-13T13:34:19","guid":{"rendered":"https:\/\/drnatasacosic.com\/?post_type=product&#038;p=2060"},"modified":"2025-11-14T12:06:16","modified_gmt":"2025-11-14T11:06:16","slug":"neutralizacija-destruktivnih-informacija-kompletno-reprogramiranje-polja","status":"publish","type":"product","link":"https:\/\/drnatasacosic.com\/en\/proizvod\/neutralizacija-destruktivnih-informacija-kompletno-reprogramiranje-polja\/","title":{"rendered":"4. Neutralizacija destruktivnih informacija \u2013 Kompletno reprogramiranje polja"},"content":{"rendered":"<p><span style=\"font-weight: 400;\">Ovaj proces uklanja energetske i misaone deformacije koje nastaju kada je svest preplavljena spoljnim stresom, tu\u0111im projekcijama ili psihi\u010dkim pritiskom.<\/span><\/p>\n<p><span style=\"font-weight: 400;\">U bioinformacionom smislu, to su la\u017eni signali koji zagu\u0161uju prirodnu frekvenciju tela.<\/span><\/p>\n<p><span style=\"font-weight: 400;\">Deluje se na ta\u010dan uzrok \u2013 mesto gde informacija ulazi u sukob sa va\u0161om prirodnom \u0161ifrom.<\/span><\/p>\n<p><span style=\"font-weight: 400;\">Nakon neutralizacije, osoba odmah ose\u0107a olak\u0161anje, ti\u0161inu u glavi, bolju koncentraciju i lako\u0107u kretanja.<\/span><\/p>\n<p><span style=\"font-weight: 400;\">Trajanje: 15 dana.<\/span><\/p>\n<p><span style=\"font-weight: 400;\">Uputstvo: nastavite svakodnevni \u017eivot; ose\u0107a\u0107ete postepeno osloba\u0111anje pritiska.<\/span><\/p>\n<p><strong>Nakon uplate, automatski se aktivira Va\u0161 energetski proces unutar sistema SHA Transformator \u017eivota, a potvrdu i dalja uputstva dobijate putem e-maila.<\/strong><\/p>","protected":false},"excerpt":{"rendered":"<p>Ovaj proces uklanja energetske i misaone deformacije koje nastaju kada je svest preplavljena spoljnim stresom, tu\u0111im projekcijama ili psihi\u010dkim pritiskom. U bioinformacionom smislu, to su la\u017eni signali koji zagu\u0161uju prirodnu frekvenciju tela. Deluje se na ta\u010dan uzrok \u2013 mesto gde informacija ulazi u sukob sa va\u0161om prirodnom \u0161ifrom. Nakon neutralizacije, osoba odmah ose\u0107a olak\u0161anje, ti\u0161inu [&hellip;]<\/p>\n","protected":false},"featured_media":2062,"comment_status":"open","ping_status":"closed","template":"","meta":{"site-sidebar-layout":"default","site-content-layout":"","ast-site-content-layout":"default","site-content-style":"default","site-sidebar-style":"default","ast-global-header-display":"","ast-banner-title-visibility":"","ast-main-header-display":"","ast-hfb-above-header-display":"","ast-hfb-below-header-display":"","ast-hfb-mobile-header-display":"","site-post-title":"","ast-breadcrumbs-content":"","ast-featured-img":"","footer-sml-layout":"","ast-disable-related-posts":"","theme-transparent-header-meta":"default","adv-header-id-meta":"","stick-header-meta":"","header-above-stick-meta":"","header-main-stick-meta":"","header-below-stick-meta":"","astra-migrate-meta-layouts":"set","ast-page-background-enabled":"default","ast-page-background-meta":{"desktop":{"background-color":"var(--ast-global-color-4)","background-image":"","background-repeat":"repeat","background-position":"center center","background-size":"auto","background-attachment":"scroll","background-type":"","background-media":"","overlay-type":"","overlay-color":"","overlay-opacity":"","overlay-gradient":""},"tablet":{"background-color":"","background-image":"","background-repeat":"repeat","background-position":"center center","background-size":"auto","background-attachment":"scroll","background-type":"","background-media":"","overlay-type":"","overlay-color":"","overlay-opacity":"","overlay-gradient":""},"mobile":{"background-color":"","background-image":"","background-repeat":"repeat","background-position":"center center","background-size":"auto","background-attachment":"scroll","background-type":"","background-media":"","overlay-type":"","overlay-color":"","overlay-opacity":"","overlay-gradient":""}},"ast-content-background-meta":{"desktop":{"background-color":"var(--ast-global-color-5)","background-image":"","background-repeat":"repeat","background-position":"center center","background-size":"auto","background-attachment":"scroll","background-type":"","background-media":"","overlay-type":"","overlay-color":"","overlay-opacity":"","overlay-gradient":""},"tablet":{"background-color":"var(--ast-global-color-5)","background-image":"","background-repeat":"repeat","background-position":"center center","background-size":"auto","background-attachment":"scroll","background-type":"","background-media":"","overlay-type":"","overlay-color":"","overlay-opacity":"","overlay-gradient":""},"mobile":{"background-color":"var(--ast-global-color-5)","background-image":"","background-repeat":"repeat","background-position":"center center","background-size":"auto","background-attachment":"scroll","background-type":"","background-media":"","overlay-type":"","overlay-color":"","overlay-opacity":"","overlay-gradient":""}}},"product_brand":[],"product_cat":[15],"product_tag":[],"class_list":{"0":"post-2060","1":"product","2":"type-product","3":"status-publish","4":"has-post-thumbnail","6":"product_cat-nekategorizovano","7":"desktop-align-left","8":"tablet-align-left","9":"mobile-align-left","11":"first","12":"instock","13":"virtual","14":"purchasable","15":"product-type-simple"},"yoast_head":"<!-- This site is optimized with the Yoast SEO plugin v27.4 - https:\/\/yoast.com\/product\/yoast-seo-wordpress\/ -->\n<title>4. Neutralizacija destruktivnih informacija \u2013 Kompletno reprogramiranje polja - dr Nata\u0161a \u0106osi\u0107<\/title>\n<meta name=\"robots\" content=\"index, follow, max-snippet:-1, max-image-preview:large, max-video-preview:-1\" \/>\n<link rel=\"canonical\" href=\"https:\/\/drnatasacosic.com\/en\/proizvod\/neutralizacija-destruktivnih-informacija-kompletno-reprogramiranje-polja\/\" \/>\n<meta property=\"og:locale\" content=\"en_US\" \/>\n<meta property=\"og:type\" content=\"article\" \/>\n<meta property=\"og:title\" content=\"4. Neutralizacija destruktivnih informacija \u2013 Kompletno reprogramiranje polja - dr Nata\u0161a \u0106osi\u0107\" \/>\n<meta property=\"og:description\" content=\"Ovaj proces uklanja energetske i misaone deformacije koje nastaju kada je svest preplavljena spoljnim stresom, tu\u0111im projekcijama ili psihi\u010dkim pritiskom. U bioinformacionom smislu, to su la\u017eni signali koji zagu\u0161uju prirodnu frekvenciju tela. Deluje se na ta\u010dan uzrok \u2013 mesto gde informacija ulazi u sukob sa va\u0161om prirodnom \u0161ifrom. Nakon neutralizacije, osoba odmah ose\u0107a olak\u0161anje, ti\u0161inu [&hellip;]\" \/>\n<meta property=\"og:url\" content=\"https:\/\/drnatasacosic.com\/en\/proizvod\/neutralizacija-destruktivnih-informacija-kompletno-reprogramiranje-polja\/\" \/>\n<meta property=\"og:site_name\" content=\"dr Nata\u0161a \u0106osi\u0107\" \/>\n<meta property=\"article:modified_time\" content=\"2025-11-14T11:06:16+00:00\" \/>\n<meta property=\"og:image\" content=\"https:\/\/drnatasacosic.com\/wp-content\/uploads\/2025\/10\/4.webp\" \/>\n\t<meta property=\"og:image:width\" content=\"480\" \/>\n\t<meta property=\"og:image:height\" content=\"480\" \/>\n\t<meta property=\"og:image:type\" content=\"image\/webp\" \/>\n<meta name=\"twitter:card\" content=\"summary_large_image\" \/>\n<meta name=\"twitter:label1\" content=\"Est. reading time\" \/>\n\t<meta name=\"twitter:data1\" content=\"1 minute\" \/>\n<script type=\"application\/ld+json\" class=\"yoast-schema-graph\">{\"@context\":\"https:\\\/\\\/schema.org\",\"@graph\":[{\"@type\":\"WebPage\",\"@id\":\"https:\\\/\\\/drnatasacosic.com\\\/proizvod\\\/neutralizacija-destruktivnih-informacija-kompletno-reprogramiranje-polja\\\/\",\"url\":\"https:\\\/\\\/drnatasacosic.com\\\/proizvod\\\/neutralizacija-destruktivnih-informacija-kompletno-reprogramiranje-polja\\\/\",\"name\":\"4. Neutralizacija destruktivnih informacija \u2013 Kompletno reprogramiranje polja - dr Nata\u0161a \u0106osi\u0107\",\"isPartOf\":{\"@id\":\"https:\\\/\\\/drnatasacosic.com\\\/#website\"},\"primaryImageOfPage\":{\"@id\":\"https:\\\/\\\/drnatasacosic.com\\\/proizvod\\\/neutralizacija-destruktivnih-informacija-kompletno-reprogramiranje-polja\\\/#primaryimage\"},\"image\":{\"@id\":\"https:\\\/\\\/drnatasacosic.com\\\/proizvod\\\/neutralizacija-destruktivnih-informacija-kompletno-reprogramiranje-polja\\\/#primaryimage\"},\"thumbnailUrl\":\"https:\\\/\\\/drnatasacosic.com\\\/wp-content\\\/uploads\\\/2025\\\/10\\\/4.webp\",\"datePublished\":\"2025-10-13T13:34:19+00:00\",\"dateModified\":\"2025-11-14T11:06:16+00:00\",\"breadcrumb\":{\"@id\":\"https:\\\/\\\/drnatasacosic.com\\\/proizvod\\\/neutralizacija-destruktivnih-informacija-kompletno-reprogramiranje-polja\\\/#breadcrumb\"},\"inLanguage\":\"en-US\",\"potentialAction\":[{\"@type\":\"ReadAction\",\"target\":[\"https:\\\/\\\/drnatasacosic.com\\\/proizvod\\\/neutralizacija-destruktivnih-informacija-kompletno-reprogramiranje-polja\\\/\"]}]},{\"@type\":\"ImageObject\",\"inLanguage\":\"en-US\",\"@id\":\"https:\\\/\\\/drnatasacosic.com\\\/proizvod\\\/neutralizacija-destruktivnih-informacija-kompletno-reprogramiranje-polja\\\/#primaryimage\",\"url\":\"https:\\\/\\\/drnatasacosic.com\\\/wp-content\\\/uploads\\\/2025\\\/10\\\/4.webp\",\"contentUrl\":\"https:\\\/\\\/drnatasacosic.com\\\/wp-content\\\/uploads\\\/2025\\\/10\\\/4.webp\",\"width\":480,\"height\":480},{\"@type\":\"BreadcrumbList\",\"@id\":\"https:\\\/\\\/drnatasacosic.com\\\/proizvod\\\/neutralizacija-destruktivnih-informacija-kompletno-reprogramiranje-polja\\\/#breadcrumb\",\"itemListElement\":[{\"@type\":\"ListItem\",\"position\":1,\"name\":\"Home\",\"item\":\"https:\\\/\\\/drnatasacosic.com\\\/\"},{\"@type\":\"ListItem\",\"position\":2,\"name\":\"Shop\",\"item\":\"https:\\\/\\\/drnatasacosic.com\\\/shop\\\/\"},{\"@type\":\"ListItem\",\"position\":3,\"name\":\"4. Neutralizacija destruktivnih informacija \u2013 Kompletno reprogramiranje polja\"}]},{\"@type\":\"WebSite\",\"@id\":\"https:\\\/\\\/drnatasacosic.com\\\/#website\",\"url\":\"https:\\\/\\\/drnatasacosic.com\\\/\",\"name\":\"dr Nata\u0161a \u0106osi\u0107\",\"description\":\"\",\"potentialAction\":[{\"@type\":\"SearchAction\",\"target\":{\"@type\":\"EntryPoint\",\"urlTemplate\":\"https:\\\/\\\/drnatasacosic.com\\\/?s={search_term_string}\"},\"query-input\":{\"@type\":\"PropertyValueSpecification\",\"valueRequired\":true,\"valueName\":\"search_term_string\"}}],\"inLanguage\":\"en-US\"}]}<\/script>\n<!-- \/ Yoast SEO plugin. -->","yoast_head_json":{"title":"4. Neutralizacija destruktivnih informacija \u2013 Kompletno reprogramiranje polja - dr Nata\u0161a \u0106osi\u0107","robots":{"index":"index","follow":"follow","max-snippet":"max-snippet:-1","max-image-preview":"max-image-preview:large","max-video-preview":"max-video-preview:-1"},"canonical":"https:\/\/drnatasacosic.com\/en\/proizvod\/neutralizacija-destruktivnih-informacija-kompletno-reprogramiranje-polja\/","og_locale":"en_US","og_type":"article","og_title":"4. Neutralizacija destruktivnih informacija \u2013 Kompletno reprogramiranje polja - dr Nata\u0161a \u0106osi\u0107","og_description":"Ovaj proces uklanja energetske i misaone deformacije koje nastaju kada je svest preplavljena spoljnim stresom, tu\u0111im projekcijama ili psihi\u010dkim pritiskom. U bioinformacionom smislu, to su la\u017eni signali koji zagu\u0161uju prirodnu frekvenciju tela. Deluje se na ta\u010dan uzrok \u2013 mesto gde informacija ulazi u sukob sa va\u0161om prirodnom \u0161ifrom. Nakon neutralizacije, osoba odmah ose\u0107a olak\u0161anje, ti\u0161inu [&hellip;]","og_url":"https:\/\/drnatasacosic.com\/en\/proizvod\/neutralizacija-destruktivnih-informacija-kompletno-reprogramiranje-polja\/","og_site_name":"dr Nata\u0161a \u0106osi\u0107","article_modified_time":"2025-11-14T11:06:16+00:00","og_image":[{"width":480,"height":480,"url":"https:\/\/drnatasacosic.com\/wp-content\/uploads\/2025\/10\/4.webp","type":"image\/webp"}],"twitter_card":"summary_large_image","twitter_misc":{"Est. reading time":"1 minute"},"schema":{"@context":"https:\/\/schema.org","@graph":[{"@type":"WebPage","@id":"https:\/\/drnatasacosic.com\/proizvod\/neutralizacija-destruktivnih-informacija-kompletno-reprogramiranje-polja\/","url":"https:\/\/drnatasacosic.com\/proizvod\/neutralizacija-destruktivnih-informacija-kompletno-reprogramiranje-polja\/","name":"4. Neutralizacija destruktivnih informacija \u2013 Kompletno reprogramiranje polja - dr Nata\u0161a \u0106osi\u0107","isPartOf":{"@id":"https:\/\/drnatasacosic.com\/#website"},"primaryImageOfPage":{"@id":"https:\/\/drnatasacosic.com\/proizvod\/neutralizacija-destruktivnih-informacija-kompletno-reprogramiranje-polja\/#primaryimage"},"image":{"@id":"https:\/\/drnatasacosic.com\/proizvod\/neutralizacija-destruktivnih-informacija-kompletno-reprogramiranje-polja\/#primaryimage"},"thumbnailUrl":"https:\/\/drnatasacosic.com\/wp-content\/uploads\/2025\/10\/4.webp","datePublished":"2025-10-13T13:34:19+00:00","dateModified":"2025-11-14T11:06:16+00:00","breadcrumb":{"@id":"https:\/\/drnatasacosic.com\/proizvod\/neutralizacija-destruktivnih-informacija-kompletno-reprogramiranje-polja\/#breadcrumb"},"inLanguage":"en-US","potentialAction":[{"@type":"ReadAction","target":["https:\/\/drnatasacosic.com\/proizvod\/neutralizacija-destruktivnih-informacija-kompletno-reprogramiranje-polja\/"]}]},{"@type":"ImageObject","inLanguage":"en-US","@id":"https:\/\/drnatasacosic.com\/proizvod\/neutralizacija-destruktivnih-informacija-kompletno-reprogramiranje-polja\/#primaryimage","url":"https:\/\/drnatasacosic.com\/wp-content\/uploads\/2025\/10\/4.webp","contentUrl":"https:\/\/drnatasacosic.com\/wp-content\/uploads\/2025\/10\/4.webp","width":480,"height":480},{"@type":"BreadcrumbList","@id":"https:\/\/drnatasacosic.com\/proizvod\/neutralizacija-destruktivnih-informacija-kompletno-reprogramiranje-polja\/#breadcrumb","itemListElement":[{"@type":"ListItem","position":1,"name":"Home","item":"https:\/\/drnatasacosic.com\/"},{"@type":"ListItem","position":2,"name":"Shop","item":"https:\/\/drnatasacosic.com\/shop\/"},{"@type":"ListItem","position":3,"name":"4. Neutralizacija destruktivnih informacija \u2013 Kompletno reprogramiranje polja"}]},{"@type":"WebSite","@id":"https:\/\/drnatasacosic.com\/#website","url":"https:\/\/drnatasacosic.com\/","name":"dr Nata\u0161a \u0106osi\u0107","description":"","potentialAction":[{"@type":"SearchAction","target":{"@type":"EntryPoint","urlTemplate":"https:\/\/drnatasacosic.com\/?s={search_term_string}"},"query-input":{"@type":"PropertyValueSpecification","valueRequired":true,"valueName":"search_term_string"}}],"inLanguage":"en-US"}]}},"_links":{"self":[{"href":"https:\/\/drnatasacosic.com\/en\/wp-json\/wp\/v2\/product\/2060","targetHints":{"allow":["GET"]}}],"collection":[{"href":"https:\/\/drnatasacosic.com\/en\/wp-json\/wp\/v2\/product"}],"about":[{"href":"https:\/\/drnatasacosic.com\/en\/wp-json\/wp\/v2\/types\/product"}],"replies":[{"embeddable":true,"href":"https:\/\/drnatasacosic.com\/en\/wp-json\/wp\/v2\/comments?post=2060"}],"wp:featuredmedia":[{"embeddable":true,"href":"https:\/\/drnatasacosic.com\/en\/wp-json\/wp\/v2\/media\/2062"}],"wp:attachment":[{"href":"https:\/\/drnatasacosic.com\/en\/wp-json\/wp\/v2\/media?parent=2060"}],"wp:term":[{"taxonomy":"product_brand","embeddable":true,"href":"https:\/\/drnatasacosic.com\/en\/wp-json\/wp\/v2\/product_brand?post=2060"},{"taxonomy":"product_cat","embeddable":true,"href":"https:\/\/drnatasacosic.com\/en\/wp-json\/wp\/v2\/product_cat?post=2060"},{"taxonomy":"product_tag","embeddable":true,"href":"https:\/\/drnatasacosic.com\/en\/wp-json\/wp\/v2\/product_tag?post=2060"}],"curies":[{"name":"wp","href":"https:\/\/api.w.org\/{rel}","templated":true}]}}