{"id":2072,"date":"2025-10-13T15:40:47","date_gmt":"2025-10-13T13:40:47","guid":{"rendered":"https:\/\/drnatasacosic.com\/?post_type=product&#038;p=2072"},"modified":"2025-11-14T12:07:18","modified_gmt":"2025-11-14T11:07:18","slug":"premium-transformacija-regeneracija-svesti-i-zivota","status":"publish","type":"product","link":"https:\/\/drnatasacosic.com\/en\/proizvod\/premium-transformacija-regeneracija-svesti-i-zivota\/","title":{"rendered":"9. Premium transformacija \u2013 Regeneracija svesti i \u017eivota"},"content":{"rendered":"<p><span style=\"font-weight: 400;\">33-dnevni proces potpunog resetovanja bioinformacionog sistema.<\/span><\/p>\n<p><span style=\"font-weight: 400;\">Deluje na fizi\u010dki, emocionalni, mentalni i kvantni sloj tela.<\/span><\/p>\n<p><span style=\"font-weight: 400;\">U realnom vremenu dolazi do reprogramiranja obrasca pona\u0161anja, hormona i nervnog ritma.<\/span><\/p>\n<p>&nbsp;<\/p>\n<p><span style=\"font-weight: 400;\">Deluje se na uzrok \u2013 ta\u010dku gde svest nije u skladu sa telom.<\/span><\/p>\n<p><span style=\"font-weight: 400;\">Nakon rada, klijent spontano menja odluke, navike i energetski izraz.<\/span><\/p>\n<p>&nbsp;<\/p>\n<p><span style=\"font-weight: 400;\">Rezultat: nova realnost \u2013 telo, odnosi, novac i mir se vra\u0107aju u sinhronizovan tok.<\/span><\/p>\n<p><span style=\"font-weight: 400;\">Trajanje: 33 dana.<\/span><\/p>\n<p><strong>Nakon uplate, automatski se aktivira Va\u0161 energetski proces unutar sistema SHA Transformator \u017eivota, a potvrdu i dalja uputstva dobijate putem e-maila.<\/strong><\/p>","protected":false},"excerpt":{"rendered":"<p>33-dnevni proces potpunog resetovanja bioinformacionog sistema. Deluje na fizi\u010dki, emocionalni, mentalni i kvantni sloj tela. U realnom vremenu dolazi do reprogramiranja obrasca pona\u0161anja, hormona i nervnog ritma. &nbsp; Deluje se na uzrok \u2013 ta\u010dku gde svest nije u skladu sa telom. Nakon rada, klijent spontano menja odluke, navike i energetski izraz. &nbsp; Rezultat: nova realnost [&hellip;]<\/p>\n","protected":false},"featured_media":2073,"comment_status":"open","ping_status":"closed","template":"","meta":{"site-sidebar-layout":"default","site-content-layout":"","ast-site-content-layout":"default","site-content-style":"default","site-sidebar-style":"default","ast-global-header-display":"","ast-banner-title-visibility":"","ast-main-header-display":"","ast-hfb-above-header-display":"","ast-hfb-below-header-display":"","ast-hfb-mobile-header-display":"","site-post-title":"","ast-breadcrumbs-content":"","ast-featured-img":"","footer-sml-layout":"","ast-disable-related-posts":"","theme-transparent-header-meta":"default","adv-header-id-meta":"","stick-header-meta":"","header-above-stick-meta":"","header-main-stick-meta":"","header-below-stick-meta":"","astra-migrate-meta-layouts":"set","ast-page-background-enabled":"default","ast-page-background-meta":{"desktop":{"background-color":"var(--ast-global-color-4)","background-image":"","background-repeat":"repeat","background-position":"center center","background-size":"auto","background-attachment":"scroll","background-type":"","background-media":"","overlay-type":"","overlay-color":"","overlay-opacity":"","overlay-gradient":""},"tablet":{"background-color":"","background-image":"","background-repeat":"repeat","background-position":"center center","background-size":"auto","background-attachment":"scroll","background-type":"","background-media":"","overlay-type":"","overlay-color":"","overlay-opacity":"","overlay-gradient":""},"mobile":{"background-color":"","background-image":"","background-repeat":"repeat","background-position":"center center","background-size":"auto","background-attachment":"scroll","background-type":"","background-media":"","overlay-type":"","overlay-color":"","overlay-opacity":"","overlay-gradient":""}},"ast-content-background-meta":{"desktop":{"background-color":"var(--ast-global-color-5)","background-image":"","background-repeat":"repeat","background-position":"center center","background-size":"auto","background-attachment":"scroll","background-type":"","background-media":"","overlay-type":"","overlay-color":"","overlay-opacity":"","overlay-gradient":""},"tablet":{"background-color":"var(--ast-global-color-5)","background-image":"","background-repeat":"repeat","background-position":"center center","background-size":"auto","background-attachment":"scroll","background-type":"","background-media":"","overlay-type":"","overlay-color":"","overlay-opacity":"","overlay-gradient":""},"mobile":{"background-color":"var(--ast-global-color-5)","background-image":"","background-repeat":"repeat","background-position":"center center","background-size":"auto","background-attachment":"scroll","background-type":"","background-media":"","overlay-type":"","overlay-color":"","overlay-opacity":"","overlay-gradient":""}}},"product_brand":[],"product_cat":[15],"product_tag":[],"class_list":{"0":"post-2072","1":"product","2":"type-product","3":"status-publish","4":"has-post-thumbnail","6":"product_cat-nekategorizovano","7":"desktop-align-left","8":"tablet-align-left","9":"mobile-align-left","11":"first","12":"instock","13":"shipping-taxable","14":"purchasable","15":"product-type-simple"},"yoast_head":"<!-- This site is optimized with the Yoast SEO plugin v27.4 - https:\/\/yoast.com\/product\/yoast-seo-wordpress\/ -->\n<title>9. Premium transformacija \u2013 Regeneracija svesti i \u017eivota - dr Nata\u0161a \u0106osi\u0107<\/title>\n<meta name=\"robots\" content=\"index, follow, max-snippet:-1, max-image-preview:large, max-video-preview:-1\" \/>\n<link rel=\"canonical\" href=\"https:\/\/drnatasacosic.com\/en\/proizvod\/premium-transformacija-regeneracija-svesti-i-zivota\/\" \/>\n<meta property=\"og:locale\" content=\"en_US\" \/>\n<meta property=\"og:type\" content=\"article\" \/>\n<meta property=\"og:title\" content=\"9. Premium transformacija \u2013 Regeneracija svesti i \u017eivota - dr Nata\u0161a \u0106osi\u0107\" \/>\n<meta property=\"og:description\" content=\"33-dnevni proces potpunog resetovanja bioinformacionog sistema. Deluje na fizi\u010dki, emocionalni, mentalni i kvantni sloj tela. U realnom vremenu dolazi do reprogramiranja obrasca pona\u0161anja, hormona i nervnog ritma. &nbsp; Deluje se na uzrok \u2013 ta\u010dku gde svest nije u skladu sa telom. Nakon rada, klijent spontano menja odluke, navike i energetski izraz. &nbsp; Rezultat: nova realnost [&hellip;]\" \/>\n<meta property=\"og:url\" content=\"https:\/\/drnatasacosic.com\/en\/proizvod\/premium-transformacija-regeneracija-svesti-i-zivota\/\" \/>\n<meta property=\"og:site_name\" content=\"dr Nata\u0161a \u0106osi\u0107\" \/>\n<meta property=\"article:modified_time\" content=\"2025-11-14T11:07:18+00:00\" \/>\n<meta property=\"og:image\" content=\"https:\/\/drnatasacosic.com\/wp-content\/uploads\/2025\/10\/9.webp\" \/>\n\t<meta property=\"og:image:width\" content=\"480\" \/>\n\t<meta property=\"og:image:height\" content=\"480\" \/>\n\t<meta property=\"og:image:type\" content=\"image\/webp\" \/>\n<meta name=\"twitter:card\" content=\"summary_large_image\" \/>\n<meta name=\"twitter:label1\" content=\"Est. reading time\" \/>\n\t<meta name=\"twitter:data1\" content=\"1 minute\" \/>\n<script type=\"application\/ld+json\" class=\"yoast-schema-graph\">{\"@context\":\"https:\\\/\\\/schema.org\",\"@graph\":[{\"@type\":\"WebPage\",\"@id\":\"https:\\\/\\\/drnatasacosic.com\\\/proizvod\\\/premium-transformacija-regeneracija-svesti-i-zivota\\\/\",\"url\":\"https:\\\/\\\/drnatasacosic.com\\\/proizvod\\\/premium-transformacija-regeneracija-svesti-i-zivota\\\/\",\"name\":\"9. Premium transformacija \u2013 Regeneracija svesti i \u017eivota - dr Nata\u0161a \u0106osi\u0107\",\"isPartOf\":{\"@id\":\"https:\\\/\\\/drnatasacosic.com\\\/#website\"},\"primaryImageOfPage\":{\"@id\":\"https:\\\/\\\/drnatasacosic.com\\\/proizvod\\\/premium-transformacija-regeneracija-svesti-i-zivota\\\/#primaryimage\"},\"image\":{\"@id\":\"https:\\\/\\\/drnatasacosic.com\\\/proizvod\\\/premium-transformacija-regeneracija-svesti-i-zivota\\\/#primaryimage\"},\"thumbnailUrl\":\"https:\\\/\\\/drnatasacosic.com\\\/wp-content\\\/uploads\\\/2025\\\/10\\\/9.webp\",\"datePublished\":\"2025-10-13T13:40:47+00:00\",\"dateModified\":\"2025-11-14T11:07:18+00:00\",\"breadcrumb\":{\"@id\":\"https:\\\/\\\/drnatasacosic.com\\\/proizvod\\\/premium-transformacija-regeneracija-svesti-i-zivota\\\/#breadcrumb\"},\"inLanguage\":\"en-US\",\"potentialAction\":[{\"@type\":\"ReadAction\",\"target\":[\"https:\\\/\\\/drnatasacosic.com\\\/proizvod\\\/premium-transformacija-regeneracija-svesti-i-zivota\\\/\"]}]},{\"@type\":\"ImageObject\",\"inLanguage\":\"en-US\",\"@id\":\"https:\\\/\\\/drnatasacosic.com\\\/proizvod\\\/premium-transformacija-regeneracija-svesti-i-zivota\\\/#primaryimage\",\"url\":\"https:\\\/\\\/drnatasacosic.com\\\/wp-content\\\/uploads\\\/2025\\\/10\\\/9.webp\",\"contentUrl\":\"https:\\\/\\\/drnatasacosic.com\\\/wp-content\\\/uploads\\\/2025\\\/10\\\/9.webp\",\"width\":480,\"height\":480},{\"@type\":\"BreadcrumbList\",\"@id\":\"https:\\\/\\\/drnatasacosic.com\\\/proizvod\\\/premium-transformacija-regeneracija-svesti-i-zivota\\\/#breadcrumb\",\"itemListElement\":[{\"@type\":\"ListItem\",\"position\":1,\"name\":\"Home\",\"item\":\"https:\\\/\\\/drnatasacosic.com\\\/\"},{\"@type\":\"ListItem\",\"position\":2,\"name\":\"Shop\",\"item\":\"https:\\\/\\\/drnatasacosic.com\\\/shop\\\/\"},{\"@type\":\"ListItem\",\"position\":3,\"name\":\"9. Premium transformacija \u2013 Regeneracija svesti i \u017eivota\"}]},{\"@type\":\"WebSite\",\"@id\":\"https:\\\/\\\/drnatasacosic.com\\\/#website\",\"url\":\"https:\\\/\\\/drnatasacosic.com\\\/\",\"name\":\"dr Nata\u0161a \u0106osi\u0107\",\"description\":\"\",\"potentialAction\":[{\"@type\":\"SearchAction\",\"target\":{\"@type\":\"EntryPoint\",\"urlTemplate\":\"https:\\\/\\\/drnatasacosic.com\\\/?s={search_term_string}\"},\"query-input\":{\"@type\":\"PropertyValueSpecification\",\"valueRequired\":true,\"valueName\":\"search_term_string\"}}],\"inLanguage\":\"en-US\"}]}<\/script>\n<!-- \/ Yoast SEO plugin. -->","yoast_head_json":{"title":"9. Premium transformacija \u2013 Regeneracija svesti i \u017eivota - dr Nata\u0161a \u0106osi\u0107","robots":{"index":"index","follow":"follow","max-snippet":"max-snippet:-1","max-image-preview":"max-image-preview:large","max-video-preview":"max-video-preview:-1"},"canonical":"https:\/\/drnatasacosic.com\/en\/proizvod\/premium-transformacija-regeneracija-svesti-i-zivota\/","og_locale":"en_US","og_type":"article","og_title":"9. Premium transformacija \u2013 Regeneracija svesti i \u017eivota - dr Nata\u0161a \u0106osi\u0107","og_description":"33-dnevni proces potpunog resetovanja bioinformacionog sistema. Deluje na fizi\u010dki, emocionalni, mentalni i kvantni sloj tela. U realnom vremenu dolazi do reprogramiranja obrasca pona\u0161anja, hormona i nervnog ritma. &nbsp; Deluje se na uzrok \u2013 ta\u010dku gde svest nije u skladu sa telom. Nakon rada, klijent spontano menja odluke, navike i energetski izraz. &nbsp; Rezultat: nova realnost [&hellip;]","og_url":"https:\/\/drnatasacosic.com\/en\/proizvod\/premium-transformacija-regeneracija-svesti-i-zivota\/","og_site_name":"dr Nata\u0161a \u0106osi\u0107","article_modified_time":"2025-11-14T11:07:18+00:00","og_image":[{"width":480,"height":480,"url":"https:\/\/drnatasacosic.com\/wp-content\/uploads\/2025\/10\/9.webp","type":"image\/webp"}],"twitter_card":"summary_large_image","twitter_misc":{"Est. reading time":"1 minute"},"schema":{"@context":"https:\/\/schema.org","@graph":[{"@type":"WebPage","@id":"https:\/\/drnatasacosic.com\/proizvod\/premium-transformacija-regeneracija-svesti-i-zivota\/","url":"https:\/\/drnatasacosic.com\/proizvod\/premium-transformacija-regeneracija-svesti-i-zivota\/","name":"9. Premium transformacija \u2013 Regeneracija svesti i \u017eivota - dr Nata\u0161a \u0106osi\u0107","isPartOf":{"@id":"https:\/\/drnatasacosic.com\/#website"},"primaryImageOfPage":{"@id":"https:\/\/drnatasacosic.com\/proizvod\/premium-transformacija-regeneracija-svesti-i-zivota\/#primaryimage"},"image":{"@id":"https:\/\/drnatasacosic.com\/proizvod\/premium-transformacija-regeneracija-svesti-i-zivota\/#primaryimage"},"thumbnailUrl":"https:\/\/drnatasacosic.com\/wp-content\/uploads\/2025\/10\/9.webp","datePublished":"2025-10-13T13:40:47+00:00","dateModified":"2025-11-14T11:07:18+00:00","breadcrumb":{"@id":"https:\/\/drnatasacosic.com\/proizvod\/premium-transformacija-regeneracija-svesti-i-zivota\/#breadcrumb"},"inLanguage":"en-US","potentialAction":[{"@type":"ReadAction","target":["https:\/\/drnatasacosic.com\/proizvod\/premium-transformacija-regeneracija-svesti-i-zivota\/"]}]},{"@type":"ImageObject","inLanguage":"en-US","@id":"https:\/\/drnatasacosic.com\/proizvod\/premium-transformacija-regeneracija-svesti-i-zivota\/#primaryimage","url":"https:\/\/drnatasacosic.com\/wp-content\/uploads\/2025\/10\/9.webp","contentUrl":"https:\/\/drnatasacosic.com\/wp-content\/uploads\/2025\/10\/9.webp","width":480,"height":480},{"@type":"BreadcrumbList","@id":"https:\/\/drnatasacosic.com\/proizvod\/premium-transformacija-regeneracija-svesti-i-zivota\/#breadcrumb","itemListElement":[{"@type":"ListItem","position":1,"name":"Home","item":"https:\/\/drnatasacosic.com\/"},{"@type":"ListItem","position":2,"name":"Shop","item":"https:\/\/drnatasacosic.com\/shop\/"},{"@type":"ListItem","position":3,"name":"9. Premium transformacija \u2013 Regeneracija svesti i \u017eivota"}]},{"@type":"WebSite","@id":"https:\/\/drnatasacosic.com\/#website","url":"https:\/\/drnatasacosic.com\/","name":"dr Nata\u0161a \u0106osi\u0107","description":"","potentialAction":[{"@type":"SearchAction","target":{"@type":"EntryPoint","urlTemplate":"https:\/\/drnatasacosic.com\/?s={search_term_string}"},"query-input":{"@type":"PropertyValueSpecification","valueRequired":true,"valueName":"search_term_string"}}],"inLanguage":"en-US"}]}},"_links":{"self":[{"href":"https:\/\/drnatasacosic.com\/en\/wp-json\/wp\/v2\/product\/2072","targetHints":{"allow":["GET"]}}],"collection":[{"href":"https:\/\/drnatasacosic.com\/en\/wp-json\/wp\/v2\/product"}],"about":[{"href":"https:\/\/drnatasacosic.com\/en\/wp-json\/wp\/v2\/types\/product"}],"replies":[{"embeddable":true,"href":"https:\/\/drnatasacosic.com\/en\/wp-json\/wp\/v2\/comments?post=2072"}],"wp:featuredmedia":[{"embeddable":true,"href":"https:\/\/drnatasacosic.com\/en\/wp-json\/wp\/v2\/media\/2073"}],"wp:attachment":[{"href":"https:\/\/drnatasacosic.com\/en\/wp-json\/wp\/v2\/media?parent=2072"}],"wp:term":[{"taxonomy":"product_brand","embeddable":true,"href":"https:\/\/drnatasacosic.com\/en\/wp-json\/wp\/v2\/product_brand?post=2072"},{"taxonomy":"product_cat","embeddable":true,"href":"https:\/\/drnatasacosic.com\/en\/wp-json\/wp\/v2\/product_cat?post=2072"},{"taxonomy":"product_tag","embeddable":true,"href":"https:\/\/drnatasacosic.com\/en\/wp-json\/wp\/v2\/product_tag?post=2072"}],"curies":[{"name":"wp","href":"https:\/\/api.w.org\/{rel}","templated":true}]}}