{"id":2078,"date":"2025-10-13T15:42:42","date_gmt":"2025-10-13T13:42:42","guid":{"rendered":"https:\/\/drnatasacosic.com\/?post_type=product&#038;p=2078"},"modified":"2025-11-14T12:07:52","modified_gmt":"2025-11-14T11:07:52","slug":"direktan-rad-sa-dr-natasom-cosic-energetsko-informaciona-intervencija","status":"publish","type":"product","link":"https:\/\/drnatasacosic.com\/en\/proizvod\/direktan-rad-sa-dr-natasom-cosic-energetsko-informaciona-intervencija\/","title":{"rendered":"12. Direktan rad sa dr Nata\u0161om \u0106osi\u0107 \u2013 Energetsko-informaciona intervencija"},"content":{"rendered":"<p><span style=\"font-weight: 400;\">Dr Nata\u0161a \u0106osi\u0107 deluje direktno u realnom vremenu, koriste\u0107i precizan energetsko-informacioni impuls kojim se uzrok problema menja odmah u polju.<\/span><\/p>\n<p><span style=\"font-weight: 400;\">Ne radi se o razgovoru niti klasi\u010dnom tretmanu, ve\u0107 o frekvencijskoj korekciji u kojoj telo i svest dobijaju novi informacijski zapis.<\/span><\/p>\n<p>&nbsp;<\/p>\n<p><span style=\"font-weight: 400;\">Klijent tokom rada ose\u0107a promenu temperature, olak\u0161anje i jasno\u0107u.<\/span><\/p>\n<p><span style=\"font-weight: 400;\">Rezultat se vidi istog dana \u2013 situacije se pomeraju, telo reaguje, energija se vra\u0107a.<\/span><\/p>\n<p>&nbsp;<\/p>\n<p><span style=\"font-weight: 400;\">Trajanje: individualno, po slu\u010daju.<\/span><\/p>\n<p><span style=\"font-weight: 400;\">Uputstvo: rad se odvija na daljinu, u ti\u0161ini, bez fizi\u010dkog kontakta.<\/span><\/p>\n<p><strong>Nakon uplate, automatski se aktivira Va\u0161 energetski proces unutar sistema SHA Transformator \u017eivota, a potvrdu i dalja uputstva dobijate putem e-maila.<\/strong><\/p>","protected":false},"excerpt":{"rendered":"<p>Dr Nata\u0161a \u0106osi\u0107 deluje direktno u realnom vremenu, koriste\u0107i precizan energetsko-informacioni impuls kojim se uzrok problema menja odmah u polju. Ne radi se o razgovoru niti klasi\u010dnom tretmanu, ve\u0107 o frekvencijskoj korekciji u kojoj telo i svest dobijaju novi informacijski zapis. &nbsp; Klijent tokom rada ose\u0107a promenu temperature, olak\u0161anje i jasno\u0107u. Rezultat se vidi istog [&hellip;]<\/p>\n","protected":false},"featured_media":2080,"comment_status":"open","ping_status":"closed","template":"","meta":{"site-sidebar-layout":"default","site-content-layout":"","ast-site-content-layout":"default","site-content-style":"default","site-sidebar-style":"default","ast-global-header-display":"","ast-banner-title-visibility":"","ast-main-header-display":"","ast-hfb-above-header-display":"","ast-hfb-below-header-display":"","ast-hfb-mobile-header-display":"","site-post-title":"","ast-breadcrumbs-content":"","ast-featured-img":"","footer-sml-layout":"","ast-disable-related-posts":"","theme-transparent-header-meta":"default","adv-header-id-meta":"","stick-header-meta":"","header-above-stick-meta":"","header-main-stick-meta":"","header-below-stick-meta":"","astra-migrate-meta-layouts":"set","ast-page-background-enabled":"default","ast-page-background-meta":{"desktop":{"background-color":"var(--ast-global-color-4)","background-image":"","background-repeat":"repeat","background-position":"center center","background-size":"auto","background-attachment":"scroll","background-type":"","background-media":"","overlay-type":"","overlay-color":"","overlay-opacity":"","overlay-gradient":""},"tablet":{"background-color":"","background-image":"","background-repeat":"repeat","background-position":"center center","background-size":"auto","background-attachment":"scroll","background-type":"","background-media":"","overlay-type":"","overlay-color":"","overlay-opacity":"","overlay-gradient":""},"mobile":{"background-color":"","background-image":"","background-repeat":"repeat","background-position":"center center","background-size":"auto","background-attachment":"scroll","background-type":"","background-media":"","overlay-type":"","overlay-color":"","overlay-opacity":"","overlay-gradient":""}},"ast-content-background-meta":{"desktop":{"background-color":"var(--ast-global-color-5)","background-image":"","background-repeat":"repeat","background-position":"center center","background-size":"auto","background-attachment":"scroll","background-type":"","background-media":"","overlay-type":"","overlay-color":"","overlay-opacity":"","overlay-gradient":""},"tablet":{"background-color":"var(--ast-global-color-5)","background-image":"","background-repeat":"repeat","background-position":"center center","background-size":"auto","background-attachment":"scroll","background-type":"","background-media":"","overlay-type":"","overlay-color":"","overlay-opacity":"","overlay-gradient":""},"mobile":{"background-color":"var(--ast-global-color-5)","background-image":"","background-repeat":"repeat","background-position":"center center","background-size":"auto","background-attachment":"scroll","background-type":"","background-media":"","overlay-type":"","overlay-color":"","overlay-opacity":"","overlay-gradient":""}}},"product_brand":[],"product_cat":[15],"product_tag":[],"class_list":{"0":"post-2078","1":"product","2":"type-product","3":"status-publish","4":"has-post-thumbnail","6":"product_cat-nekategorizovano","7":"desktop-align-left","8":"tablet-align-left","9":"mobile-align-left","11":"first","12":"instock","13":"virtual","14":"product-type-simple"},"yoast_head":"<!-- This site is optimized with the Yoast SEO plugin v27.4 - https:\/\/yoast.com\/product\/yoast-seo-wordpress\/ -->\n<title>12. Direktan rad sa dr Nata\u0161om \u0106osi\u0107 \u2013 Energetsko-informaciona intervencija - dr Nata\u0161a \u0106osi\u0107<\/title>\n<meta name=\"robots\" content=\"index, follow, max-snippet:-1, max-image-preview:large, max-video-preview:-1\" \/>\n<link rel=\"canonical\" href=\"https:\/\/drnatasacosic.com\/en\/proizvod\/direktan-rad-sa-dr-natasom-cosic-energetsko-informaciona-intervencija\/\" \/>\n<meta property=\"og:locale\" content=\"en_US\" \/>\n<meta property=\"og:type\" content=\"article\" \/>\n<meta property=\"og:title\" content=\"12. Direktan rad sa dr Nata\u0161om \u0106osi\u0107 \u2013 Energetsko-informaciona intervencija - dr Nata\u0161a \u0106osi\u0107\" \/>\n<meta property=\"og:description\" content=\"Dr Nata\u0161a \u0106osi\u0107 deluje direktno u realnom vremenu, koriste\u0107i precizan energetsko-informacioni impuls kojim se uzrok problema menja odmah u polju. Ne radi se o razgovoru niti klasi\u010dnom tretmanu, ve\u0107 o frekvencijskoj korekciji u kojoj telo i svest dobijaju novi informacijski zapis. &nbsp; Klijent tokom rada ose\u0107a promenu temperature, olak\u0161anje i jasno\u0107u. Rezultat se vidi istog [&hellip;]\" \/>\n<meta property=\"og:url\" content=\"https:\/\/drnatasacosic.com\/en\/proizvod\/direktan-rad-sa-dr-natasom-cosic-energetsko-informaciona-intervencija\/\" \/>\n<meta property=\"og:site_name\" content=\"dr Nata\u0161a \u0106osi\u0107\" \/>\n<meta property=\"article:modified_time\" content=\"2025-11-14T11:07:52+00:00\" \/>\n<meta property=\"og:image\" content=\"https:\/\/drnatasacosic.com\/wp-content\/uploads\/2025\/10\/12.webp\" \/>\n\t<meta property=\"og:image:width\" content=\"480\" \/>\n\t<meta property=\"og:image:height\" content=\"480\" \/>\n\t<meta property=\"og:image:type\" content=\"image\/webp\" \/>\n<meta name=\"twitter:card\" content=\"summary_large_image\" \/>\n<meta name=\"twitter:label1\" content=\"Est. reading time\" \/>\n\t<meta name=\"twitter:data1\" content=\"1 minute\" \/>\n<script type=\"application\/ld+json\" class=\"yoast-schema-graph\">{\"@context\":\"https:\\\/\\\/schema.org\",\"@graph\":[{\"@type\":\"WebPage\",\"@id\":\"https:\\\/\\\/drnatasacosic.com\\\/proizvod\\\/direktan-rad-sa-dr-natasom-cosic-energetsko-informaciona-intervencija\\\/\",\"url\":\"https:\\\/\\\/drnatasacosic.com\\\/proizvod\\\/direktan-rad-sa-dr-natasom-cosic-energetsko-informaciona-intervencija\\\/\",\"name\":\"12. Direktan rad sa dr Nata\u0161om \u0106osi\u0107 \u2013 Energetsko-informaciona intervencija - dr Nata\u0161a \u0106osi\u0107\",\"isPartOf\":{\"@id\":\"https:\\\/\\\/drnatasacosic.com\\\/#website\"},\"primaryImageOfPage\":{\"@id\":\"https:\\\/\\\/drnatasacosic.com\\\/proizvod\\\/direktan-rad-sa-dr-natasom-cosic-energetsko-informaciona-intervencija\\\/#primaryimage\"},\"image\":{\"@id\":\"https:\\\/\\\/drnatasacosic.com\\\/proizvod\\\/direktan-rad-sa-dr-natasom-cosic-energetsko-informaciona-intervencija\\\/#primaryimage\"},\"thumbnailUrl\":\"https:\\\/\\\/drnatasacosic.com\\\/wp-content\\\/uploads\\\/2025\\\/10\\\/12.webp\",\"datePublished\":\"2025-10-13T13:42:42+00:00\",\"dateModified\":\"2025-11-14T11:07:52+00:00\",\"breadcrumb\":{\"@id\":\"https:\\\/\\\/drnatasacosic.com\\\/proizvod\\\/direktan-rad-sa-dr-natasom-cosic-energetsko-informaciona-intervencija\\\/#breadcrumb\"},\"inLanguage\":\"en-US\",\"potentialAction\":[{\"@type\":\"ReadAction\",\"target\":[\"https:\\\/\\\/drnatasacosic.com\\\/proizvod\\\/direktan-rad-sa-dr-natasom-cosic-energetsko-informaciona-intervencija\\\/\"]}]},{\"@type\":\"ImageObject\",\"inLanguage\":\"en-US\",\"@id\":\"https:\\\/\\\/drnatasacosic.com\\\/proizvod\\\/direktan-rad-sa-dr-natasom-cosic-energetsko-informaciona-intervencija\\\/#primaryimage\",\"url\":\"https:\\\/\\\/drnatasacosic.com\\\/wp-content\\\/uploads\\\/2025\\\/10\\\/12.webp\",\"contentUrl\":\"https:\\\/\\\/drnatasacosic.com\\\/wp-content\\\/uploads\\\/2025\\\/10\\\/12.webp\",\"width\":480,\"height\":480},{\"@type\":\"BreadcrumbList\",\"@id\":\"https:\\\/\\\/drnatasacosic.com\\\/proizvod\\\/direktan-rad-sa-dr-natasom-cosic-energetsko-informaciona-intervencija\\\/#breadcrumb\",\"itemListElement\":[{\"@type\":\"ListItem\",\"position\":1,\"name\":\"Home\",\"item\":\"https:\\\/\\\/drnatasacosic.com\\\/\"},{\"@type\":\"ListItem\",\"position\":2,\"name\":\"Shop\",\"item\":\"https:\\\/\\\/drnatasacosic.com\\\/shop\\\/\"},{\"@type\":\"ListItem\",\"position\":3,\"name\":\"12. Direktan rad sa dr Nata\u0161om \u0106osi\u0107 \u2013 Energetsko-informaciona intervencija\"}]},{\"@type\":\"WebSite\",\"@id\":\"https:\\\/\\\/drnatasacosic.com\\\/#website\",\"url\":\"https:\\\/\\\/drnatasacosic.com\\\/\",\"name\":\"dr Nata\u0161a \u0106osi\u0107\",\"description\":\"\",\"potentialAction\":[{\"@type\":\"SearchAction\",\"target\":{\"@type\":\"EntryPoint\",\"urlTemplate\":\"https:\\\/\\\/drnatasacosic.com\\\/?s={search_term_string}\"},\"query-input\":{\"@type\":\"PropertyValueSpecification\",\"valueRequired\":true,\"valueName\":\"search_term_string\"}}],\"inLanguage\":\"en-US\"}]}<\/script>\n<!-- \/ Yoast SEO plugin. -->","yoast_head_json":{"title":"12. Direktan rad sa dr Nata\u0161om \u0106osi\u0107 \u2013 Energetsko-informaciona intervencija - dr Nata\u0161a \u0106osi\u0107","robots":{"index":"index","follow":"follow","max-snippet":"max-snippet:-1","max-image-preview":"max-image-preview:large","max-video-preview":"max-video-preview:-1"},"canonical":"https:\/\/drnatasacosic.com\/en\/proizvod\/direktan-rad-sa-dr-natasom-cosic-energetsko-informaciona-intervencija\/","og_locale":"en_US","og_type":"article","og_title":"12. Direktan rad sa dr Nata\u0161om \u0106osi\u0107 \u2013 Energetsko-informaciona intervencija - dr Nata\u0161a \u0106osi\u0107","og_description":"Dr Nata\u0161a \u0106osi\u0107 deluje direktno u realnom vremenu, koriste\u0107i precizan energetsko-informacioni impuls kojim se uzrok problema menja odmah u polju. Ne radi se o razgovoru niti klasi\u010dnom tretmanu, ve\u0107 o frekvencijskoj korekciji u kojoj telo i svest dobijaju novi informacijski zapis. &nbsp; Klijent tokom rada ose\u0107a promenu temperature, olak\u0161anje i jasno\u0107u. Rezultat se vidi istog [&hellip;]","og_url":"https:\/\/drnatasacosic.com\/en\/proizvod\/direktan-rad-sa-dr-natasom-cosic-energetsko-informaciona-intervencija\/","og_site_name":"dr Nata\u0161a \u0106osi\u0107","article_modified_time":"2025-11-14T11:07:52+00:00","og_image":[{"width":480,"height":480,"url":"https:\/\/drnatasacosic.com\/wp-content\/uploads\/2025\/10\/12.webp","type":"image\/webp"}],"twitter_card":"summary_large_image","twitter_misc":{"Est. reading time":"1 minute"},"schema":{"@context":"https:\/\/schema.org","@graph":[{"@type":"WebPage","@id":"https:\/\/drnatasacosic.com\/proizvod\/direktan-rad-sa-dr-natasom-cosic-energetsko-informaciona-intervencija\/","url":"https:\/\/drnatasacosic.com\/proizvod\/direktan-rad-sa-dr-natasom-cosic-energetsko-informaciona-intervencija\/","name":"12. Direktan rad sa dr Nata\u0161om \u0106osi\u0107 \u2013 Energetsko-informaciona intervencija - dr Nata\u0161a \u0106osi\u0107","isPartOf":{"@id":"https:\/\/drnatasacosic.com\/#website"},"primaryImageOfPage":{"@id":"https:\/\/drnatasacosic.com\/proizvod\/direktan-rad-sa-dr-natasom-cosic-energetsko-informaciona-intervencija\/#primaryimage"},"image":{"@id":"https:\/\/drnatasacosic.com\/proizvod\/direktan-rad-sa-dr-natasom-cosic-energetsko-informaciona-intervencija\/#primaryimage"},"thumbnailUrl":"https:\/\/drnatasacosic.com\/wp-content\/uploads\/2025\/10\/12.webp","datePublished":"2025-10-13T13:42:42+00:00","dateModified":"2025-11-14T11:07:52+00:00","breadcrumb":{"@id":"https:\/\/drnatasacosic.com\/proizvod\/direktan-rad-sa-dr-natasom-cosic-energetsko-informaciona-intervencija\/#breadcrumb"},"inLanguage":"en-US","potentialAction":[{"@type":"ReadAction","target":["https:\/\/drnatasacosic.com\/proizvod\/direktan-rad-sa-dr-natasom-cosic-energetsko-informaciona-intervencija\/"]}]},{"@type":"ImageObject","inLanguage":"en-US","@id":"https:\/\/drnatasacosic.com\/proizvod\/direktan-rad-sa-dr-natasom-cosic-energetsko-informaciona-intervencija\/#primaryimage","url":"https:\/\/drnatasacosic.com\/wp-content\/uploads\/2025\/10\/12.webp","contentUrl":"https:\/\/drnatasacosic.com\/wp-content\/uploads\/2025\/10\/12.webp","width":480,"height":480},{"@type":"BreadcrumbList","@id":"https:\/\/drnatasacosic.com\/proizvod\/direktan-rad-sa-dr-natasom-cosic-energetsko-informaciona-intervencija\/#breadcrumb","itemListElement":[{"@type":"ListItem","position":1,"name":"Home","item":"https:\/\/drnatasacosic.com\/"},{"@type":"ListItem","position":2,"name":"Shop","item":"https:\/\/drnatasacosic.com\/shop\/"},{"@type":"ListItem","position":3,"name":"12. Direktan rad sa dr Nata\u0161om \u0106osi\u0107 \u2013 Energetsko-informaciona intervencija"}]},{"@type":"WebSite","@id":"https:\/\/drnatasacosic.com\/#website","url":"https:\/\/drnatasacosic.com\/","name":"dr Nata\u0161a \u0106osi\u0107","description":"","potentialAction":[{"@type":"SearchAction","target":{"@type":"EntryPoint","urlTemplate":"https:\/\/drnatasacosic.com\/?s={search_term_string}"},"query-input":{"@type":"PropertyValueSpecification","valueRequired":true,"valueName":"search_term_string"}}],"inLanguage":"en-US"}]}},"_links":{"self":[{"href":"https:\/\/drnatasacosic.com\/en\/wp-json\/wp\/v2\/product\/2078","targetHints":{"allow":["GET"]}}],"collection":[{"href":"https:\/\/drnatasacosic.com\/en\/wp-json\/wp\/v2\/product"}],"about":[{"href":"https:\/\/drnatasacosic.com\/en\/wp-json\/wp\/v2\/types\/product"}],"replies":[{"embeddable":true,"href":"https:\/\/drnatasacosic.com\/en\/wp-json\/wp\/v2\/comments?post=2078"}],"wp:featuredmedia":[{"embeddable":true,"href":"https:\/\/drnatasacosic.com\/en\/wp-json\/wp\/v2\/media\/2080"}],"wp:attachment":[{"href":"https:\/\/drnatasacosic.com\/en\/wp-json\/wp\/v2\/media?parent=2078"}],"wp:term":[{"taxonomy":"product_brand","embeddable":true,"href":"https:\/\/drnatasacosic.com\/en\/wp-json\/wp\/v2\/product_brand?post=2078"},{"taxonomy":"product_cat","embeddable":true,"href":"https:\/\/drnatasacosic.com\/en\/wp-json\/wp\/v2\/product_cat?post=2078"},{"taxonomy":"product_tag","embeddable":true,"href":"https:\/\/drnatasacosic.com\/en\/wp-json\/wp\/v2\/product_tag?post=2078"}],"curies":[{"name":"wp","href":"https:\/\/api.w.org\/{rel}","templated":true}]}}